{"id":12113,"date":"2017-11-02T11:40:50","date_gmt":"2017-11-02T11:40:50","guid":{"rendered":"https:\/\/www.chioschandrishotel.gr\/in-room-dining\/"},"modified":"2025-01-09T11:39:09","modified_gmt":"2025-01-09T09:39:09","slug":"in-room-dining","status":"publish","type":"page","link":"https:\/\/www.chioschandrishotel.gr\/tr\/in-room-dining\/","title":{"rendered":"Odada Yemek"},"content":{"rendered":"[vc_row row_type=&#8221;1&#8243; animate=&#8221;&#8221; blox_class=&#8221;mynegmarg&#8221;][vc_column][rev_slider_vc alias=&#8221;inroom-single&#8221;][\/vc_column][\/vc_row][vc_row animate=&#8221;&#8221; blox_class=&#8221;mypadding nomarbottom bh&#8221;][vc_column offset=&#8221;vc_col-md-offset-1 vc_col-md-10&#8243; el_class=&#8221;mysinglerestdesc&#8221;][vc_custom_heading text=&#8221;ODADA YEMEK&#8221; font_container=&#8221;tag:h1|text_align:center&#8221; google_fonts=&#8221;font_family:Noto%20Serif%3Aregular%2Citalic%2C700%2C700italic|font_style:400%20regular%3A400%3Anormal&#8221; el_class=&#8221;myresttitle&#8221;][vc_column_text]\n<p style=\"text-align: center;\">Gece veya g\u00fcnd\u00fcz, odan\u0131z\u0131n rahatl\u0131\u011f\u0131nda harika bir yemek i\u00e7in 24 saat Oda servisimizi kullan\u0131n.<\/p>\n[\/vc_column_text][\/vc_column][\/vc_row][vc_row animate=&#8221;&#8221; blox_class=&#8221;row-eq-height myonlybottompadding nomarbottom&#8221;][vc_column width=&#8221;1\/2&#8243; el_class=&#8221;eqheight text-center myrightborder&#8221;][vc_raw_html]JTNDZGl2JTIwY2xhc3MlM0QlMjJteXJlc3Rob3VycyUyMiUzRSUwQSUwOSUzQ2gzJTNFJUMzJTg3QUxJJUM1JTlFTUElMjBTQUFUTEVSJUM0JUIwJTNDJTJGaDMlM0UlMEElM0NkaXYlMjBjbGFzcyUzRCUyMnZjX3NlcGFyYXRvciUyMHdwYl9jb250ZW50X2VsZW1lbnQlMjB2Y19zZXBhcmF0b3JfYWxpZ25fY2VudGVyJTIwdmNfc2VwX3dpZHRoXzEwJTIwdmNfc2VwX2JvcmRlcl93aWR0aF8yJTIwdmNfc2VwX3Bvc19hbGlnbl9jZW50ZXIlMjB2Y19zZXBhcmF0b3Jfbm9fdGV4dCUyMCUyMG15c2VwYXJhdG9yJTIyJTNFJTNDc3BhbiUyMGNsYXNzJTNEJTIydmNfc2VwX2hvbGRlciUyMHZjX3NlcF9ob2xkZXJfbCUyMiUzRSUzQ3NwYW4lMjBzdHlsZSUzRCUyMmJvcmRlci1jb2xvciUzQSUyMzQ5YWRiYiUzQiUyMiUyMGNsYXNzJTNEJTIydmNfc2VwX2xpbmUlMjIlM0UlM0MlMkZzcGFuJTNFJTNDJTJGc3BhbiUzRSUwQSUzQyUyRmRpdiUzRSUwQSUwOSUzQ3AlM0VIZXJnJUMzJUJDbiUyMCUyMFQlQzMlQkNtJTIwc2FhdGxlciUyMSUzQyUyRnAlM0UlMEElM0MlMkZkaXYlM0U=[\/vc_raw_html][\/vc_column][vc_column width=&#8221;1\/2&#8243; el_class=&#8221;eqheight text-center&#8221;][vc_raw_html]JTNDZGl2JTIwY2xhc3MlM0QlMjJteXJlc3RtZW51JTIyJTNFJTBBJTA5JTNDaDMlM0VNRU4lQzMlOUMlM0MlMkZoMyUzRSUwQSUzQ2RpdiUyMGNsYXNzJTNEJTIydmNfc2VwYXJhdG9yJTIwd3BiX2NvbnRlbnRfZWxlbWVudCUyMHZjX3NlcGFyYXRvcl9hbGlnbl9jZW50ZXIlMjB2Y19zZXBfd2lkdGhfMTAlMjB2Y19zZXBfYm9yZGVyX3dpZHRoXzIlMjB2Y19zZXBfcG9zX2FsaWduX2NlbnRlciUyMHZjX3NlcGFyYXRvcl9ub190ZXh0JTIwJTIwbXlzZXBhcmF0b3IlMjIlM0UlM0NzcGFuJTIwY2xhc3MlM0QlMjJ2Y19zZXBfaG9sZGVyJTIwdmNfc2VwX2hvbGRlcl9sJTIyJTNFJTNDc3BhbiUyMHN0eWxlJTNEJTIyYm9yZGVyLWNvbG9yJTNBJTIzNDlhZGJiJTNCJTIyJTIwY2xhc3MlM0QlMjJ2Y19zZXBfbGluZSUyMiUzRSUzQyUyRnNwYW4lM0UlM0MlMkZzcGFuJTNFJTBBJTNDJTJGZGl2JTNFJTBBJTA5JTNDcCUzRSUzQ2ElMjBocmVmJTNEJTIyaHR0cHMlM0ElMkYlMkZ3d3cuY2hpb3NjaGFuZHJpc2hvdGVsLmdyJTJGd3AtY29udGVudCUyRnVwbG9hZHMlMkYyMDI1JTJGMDElMkZSb29tLXNlcnZpY2UtbWVudS5wZGYlMjIlMjB0YXJnZXQlM0QlMjJfYmxhbmslMjIlM0UlM0NpJTIwY2xhc3MlM0QlMjJmYS1maWxlLXBkZi1vJTIwbXlyZXN0bWVudWljb24lMjIlM0UlM0MlMkZpJTNFJTNDJTJGYSUzRSUwQSUzQ2ElMjBocmVmJTNEJTIyaHR0cHMlM0ElMkYlMkZ3d3cuY2hpb3NjaGFuZHJpc2hvdGVsLmdyJTJGd3AtY29udGVudCUyRnVwbG9hZHMlMkYyMDI1JTJGMDElMkZSb29tLXNlcnZpY2UtbWVudS5wZGYlMjIlMjB0YXJnZXQlM0QlMjJfYmxhbmslMjIlM0VNZW4lQzMlQkN5JUMzJUJDJTIwRyVDMyVCNnIlQzMlQkNudCVDMyVCQ2xlJTNDJTJGYSUzRSUzQyUyRnAlM0UlMEElM0MlMkZkaXYlM0UlMEE=[\/vc_raw_html][\/vc_column][\/vc_row]\n","protected":false},"excerpt":{"rendered":"<p>[vc_row row_type=&#8221;1&#8243; animate=&#8221;&#8221; blox_class=&#8221;mynegmarg&#8221;][vc_column][rev_slider_vc alias=&#8221;inroom-single&#8221;][\/vc_column][\/vc_row][vc_row animate=&#8221;&#8221; blox_class=&#8221;mypadding nomarbottom bh&#8221;][vc_column offset=&#8221;vc_col-md-offset-1 vc_col-md-10&#8243; el_class=&#8221;mysinglerestdesc&#8221;][vc_custom_heading text=&#8221;ODADA YEMEK&#8221; font_container=&#8221;tag:h1|text_align:center&#8221; google_fonts=&#8221;font_family:Noto%20Serif%3Aregular%2Citalic%2C700%2C700italic|font_style:400%20regular%3A400%3Anormal&#8221; el_class=&#8221;myresttitle&#8221;][vc_column_text] Gece veya g\u00fcnd\u00fcz, odan\u0131z\u0131n rahatl\u0131\u011f\u0131nda harika bir yemek i\u00e7in 24 saat Oda servisimizi kullan\u0131n. [\/vc_column_text][\/vc_column][\/vc_row][vc_row animate=&#8221;&#8221; blox_class=&#8221;row-eq-height myonlybottompadding nomarbottom&#8221;][vc_column width=&#8221;1\/2&#8243; el_class=&#8221;eqheight text-center myrightborder&#8221;][vc_raw_html]JTNDZGl2JTIwY2xhc3MlM0QlMjJteXJlc3Rob3VycyUyMiUzRSUwQSUwOSUzQ2gzJTNFJUMzJTg3QUxJJUM1JTlFTUElMjBTQUFUTEVSJUM0JUIwJTNDJTJGaDMlM0UlMEElM0NkaXYlMjBjbGFzcyUzRCUyMnZjX3NlcGFyYXRvciUyMHdwYl9jb250ZW50X2VsZW1lbnQlMjB2Y19zZXBhcmF0b3JfYWxpZ25fY2VudGVyJTIwdmNfc2VwX3dpZHRoXzEwJTIwdmNfc2VwX2JvcmRlcl93aWR0aF8yJTIwdmNfc2VwX3Bvc19hbGlnbl9jZW50ZXIlMjB2Y19zZXBhcmF0b3Jfbm9fdGV4dCUyMCUyMG15c2VwYXJhdG9yJTIyJTNFJTNDc3BhbiUyMGNsYXNzJTNEJTIydmNfc2VwX2hvbGRlciUyMHZjX3NlcF9ob2xkZXJfbCUyMiUzRSUzQ3NwYW4lMjBzdHlsZSUzRCUyMmJvcmRlci1jb2xvciUzQSUyMzQ5YWRiYiUzQiUyMiUyMGNsYXNzJTNEJTIydmNfc2VwX2xpbmUlMjIlM0UlM0MlMkZzcGFuJTNFJTNDJTJGc3BhbiUzRSUwQSUzQyUyRmRpdiUzRSUwQSUwOSUzQ3AlM0VIZXJnJUMzJUJDbiUyMCUyMFQlQzMlQkNtJTIwc2FhdGxlciUyMSUzQyUyRnAlM0UlMEElM0MlMkZkaXYlM0U=[\/vc_raw_html][\/vc_column][vc_column width=&#8221;1\/2&#8243; el_class=&#8221;eqheight text-center&#8221;][vc_raw_html]JTNDZGl2JTIwY2xhc3MlM0QlMjJteXJlc3RtZW51JTIyJTNFJTBBJTA5JTNDaDMlM0VNRU4lQzMlOUMlM0MlMkZoMyUzRSUwQSUzQ2RpdiUyMGNsYXNzJTNEJTIydmNfc2VwYXJhdG9yJTIwd3BiX2NvbnRlbnRfZWxlbWVudCUyMHZjX3NlcGFyYXRvcl9hbGlnbl9jZW50ZXIlMjB2Y19zZXBfd2lkdGhfMTAlMjB2Y19zZXBfYm9yZGVyX3dpZHRoXzIlMjB2Y19zZXBfcG9zX2FsaWduX2NlbnRlciUyMHZjX3NlcGFyYXRvcl9ub190ZXh0JTIwJTIwbXlzZXBhcmF0b3IlMjIlM0UlM0NzcGFuJTIwY2xhc3MlM0QlMjJ2Y19zZXBfaG9sZGVyJTIwdmNfc2VwX2hvbGRlcl9sJTIyJTNFJTNDc3BhbiUyMHN0eWxlJTNEJTIyYm9yZGVyLWNvbG9yJTNBJTIzNDlhZGJiJTNCJTIyJTIwY2xhc3MlM0QlMjJ2Y19zZXBfbGluZSUyMiUzRSUzQyUyRnNwYW4lM0UlM0MlMkZzcGFuJTNFJTBBJTNDJTJGZGl2JTNFJTBBJTA5JTNDcCUzRSUzQ2ElMjBocmVmJTNEJTIyaHR0cHMlM0ElMkYlMkZ3d3cuY2hpb3NjaGFuZHJpc2hvdGVsLmdyJTJGd3AtY29udGVudCUyRnVwbG9hZHMlMkYyMDI1JTJGMDElMkZSb29tLXNlcnZpY2UtbWVudS5wZGYlMjIlMjB0YXJnZXQlM0QlMjJfYmxhbmslMjIlM0UlM0NpJTIwY2xhc3MlM0QlMjJmYS1maWxlLXBkZi1vJTIwbXlyZXN0bWVudWljb24lMjIlM0UlM0MlMkZpJTNFJTNDJTJGYSUzRSUwQSUzQ2ElMjBocmVmJTNEJTIyaHR0cHMlM0ElMkYlMkZ3d3cuY2hpb3NjaGFuZHJpc2hvdGVsLmdyJTJGd3AtY29udGVudCUyRnVwbG9hZHMlMkYyMDI1JTJGMDElMkZSb29tLXNlcnZpY2UtbWVudS5wZGYlMjIlMjB0YXJnZXQlM0QlMjJfYmxhbmslMjIlM0VNZW4lQzMlQkN5JUMzJUJDJTIwRyVDMyVCNnIlQzMlQkNudCVDMyVCQ2xlJTNDJTJGYSUzRSUzQyUyRnAlM0UlMEElM0MlMkZkaXYlM0UlMEE=[\/vc_raw_html][\/vc_column][\/vc_row]<\/p>\n","protected":false},"author":1,"featured_media":11698,"parent":0,"menu_order":0,"comment_status":"closed","ping_status":"closed","template":"","meta":{"footnotes":""},"class_list":["post-12113","page","type-page","status-publish","has-post-thumbnail","hentry"],"yoast_head":"<!-- This site is optimized with the Yoast SEO plugin v20.7 - https:\/\/yoast.com\/wordpress\/plugins\/seo\/ -->\n<title>In Room Dining | Chios Chadris Hotel<\/title>\n<meta name=\"description\" content=\"Use our round the clock Room service for a wonderful meal, day or night, in the comfort of your room.\" \/>\n<meta name=\"robots\" content=\"index, follow, max-snippet:-1, max-image-preview:large, max-video-preview:-1\" \/>\n<link rel=\"canonical\" href=\"https:\/\/www.chioschandrishotel.gr\/tr\/in-room-dining\/\" \/>\n<meta property=\"og:locale\" content=\"tr_TR\" \/>\n<meta property=\"og:type\" content=\"article\" \/>\n<meta property=\"og:title\" content=\"In Room Dining | Chios Chadris Hotel\" \/>\n<meta property=\"og:description\" content=\"Use our round the clock Room service for a wonderful meal, day or night, in the comfort of your room.\" \/>\n<meta property=\"og:url\" content=\"https:\/\/www.chioschandrishotel.gr\/tr\/in-room-dining\/\" \/>\n<meta property=\"og:site_name\" content=\"Chios Chandris Hotel\" \/>\n<meta property=\"article:modified_time\" content=\"2025-01-09T09:39:09+00:00\" \/>\n<meta property=\"og:image\" content=\"https:\/\/www.chioschandrishotel.gr\/wp-content\/uploads\/2018\/03\/InRoomDining.jpg\" \/>\n\t<meta property=\"og:image:width\" content=\"990\" \/>\n\t<meta property=\"og:image:height\" content=\"768\" \/>\n\t<meta property=\"og:image:type\" content=\"image\/jpeg\" \/>\n<meta name=\"twitter:card\" content=\"summary_large_image\" \/>\n<meta name=\"twitter:label1\" content=\"Est. reading time\" \/>\n\t<meta name=\"twitter:data1\" content=\"1 dakika\" \/>\n<script type=\"application\/ld+json\" class=\"yoast-schema-graph\">{\"@context\":\"https:\/\/schema.org\",\"@graph\":[{\"@type\":\"WebPage\",\"@id\":\"https:\/\/www.chioschandrishotel.gr\/tr\/in-room-dining\/\",\"url\":\"https:\/\/www.chioschandrishotel.gr\/tr\/in-room-dining\/\",\"name\":\"In Room Dining | Chios Chadris Hotel\",\"isPartOf\":{\"@id\":\"https:\/\/www.chioschandrishotel.gr\/#website\"},\"datePublished\":\"2017-11-02T11:40:50+00:00\",\"dateModified\":\"2025-01-09T09:39:09+00:00\",\"description\":\"Use our round the clock Room service for a wonderful meal, day or night, in the comfort of your room.\",\"breadcrumb\":{\"@id\":\"https:\/\/www.chioschandrishotel.gr\/tr\/in-room-dining\/#breadcrumb\"},\"inLanguage\":\"tr\",\"potentialAction\":[{\"@type\":\"ReadAction\",\"target\":[\"https:\/\/www.chioschandrishotel.gr\/tr\/in-room-dining\/\"]}]},{\"@type\":\"BreadcrumbList\",\"@id\":\"https:\/\/www.chioschandrishotel.gr\/tr\/in-room-dining\/#breadcrumb\",\"itemListElement\":[{\"@type\":\"ListItem\",\"position\":1,\"name\":\"Home\",\"item\":\"https:\/\/www.chioschandrishotel.gr\/tr\/\"},{\"@type\":\"ListItem\",\"position\":2,\"name\":\"Odada Yemek\"}]},{\"@type\":\"WebSite\",\"@id\":\"https:\/\/www.chioschandrishotel.gr\/#website\",\"url\":\"https:\/\/www.chioschandrishotel.gr\/\",\"name\":\"Chios Chandris Hotel\",\"description\":\"City and Vacation Hotel in Chios\",\"potentialAction\":[{\"@type\":\"SearchAction\",\"target\":{\"@type\":\"EntryPoint\",\"urlTemplate\":\"https:\/\/www.chioschandrishotel.gr\/?s={search_term_string}\"},\"query-input\":\"required name=search_term_string\"}],\"inLanguage\":\"tr\"}]}<\/script>\n<!-- \/ Yoast SEO plugin. -->","yoast_head_json":{"title":"In Room Dining | Chios Chadris Hotel","description":"Use our round the clock Room service for a wonderful meal, day or night, in the comfort of your room.","robots":{"index":"index","follow":"follow","max-snippet":"max-snippet:-1","max-image-preview":"max-image-preview:large","max-video-preview":"max-video-preview:-1"},"canonical":"https:\/\/www.chioschandrishotel.gr\/tr\/in-room-dining\/","og_locale":"tr_TR","og_type":"article","og_title":"In Room Dining | Chios Chadris Hotel","og_description":"Use our round the clock Room service for a wonderful meal, day or night, in the comfort of your room.","og_url":"https:\/\/www.chioschandrishotel.gr\/tr\/in-room-dining\/","og_site_name":"Chios Chandris Hotel","article_modified_time":"2025-01-09T09:39:09+00:00","og_image":[{"width":990,"height":768,"url":"https:\/\/www.chioschandrishotel.gr\/wp-content\/uploads\/2018\/03\/InRoomDining.jpg","type":"image\/jpeg"}],"twitter_card":"summary_large_image","twitter_misc":{"Est. reading time":"1 dakika"},"schema":{"@context":"https:\/\/schema.org","@graph":[{"@type":"WebPage","@id":"https:\/\/www.chioschandrishotel.gr\/tr\/in-room-dining\/","url":"https:\/\/www.chioschandrishotel.gr\/tr\/in-room-dining\/","name":"In Room Dining | Chios Chadris Hotel","isPartOf":{"@id":"https:\/\/www.chioschandrishotel.gr\/#website"},"datePublished":"2017-11-02T11:40:50+00:00","dateModified":"2025-01-09T09:39:09+00:00","description":"Use our round the clock Room service for a wonderful meal, day or night, in the comfort of your room.","breadcrumb":{"@id":"https:\/\/www.chioschandrishotel.gr\/tr\/in-room-dining\/#breadcrumb"},"inLanguage":"tr","potentialAction":[{"@type":"ReadAction","target":["https:\/\/www.chioschandrishotel.gr\/tr\/in-room-dining\/"]}]},{"@type":"BreadcrumbList","@id":"https:\/\/www.chioschandrishotel.gr\/tr\/in-room-dining\/#breadcrumb","itemListElement":[{"@type":"ListItem","position":1,"name":"Home","item":"https:\/\/www.chioschandrishotel.gr\/tr\/"},{"@type":"ListItem","position":2,"name":"Odada Yemek"}]},{"@type":"WebSite","@id":"https:\/\/www.chioschandrishotel.gr\/#website","url":"https:\/\/www.chioschandrishotel.gr\/","name":"Chios Chandris Hotel","description":"City and Vacation Hotel in Chios","potentialAction":[{"@type":"SearchAction","target":{"@type":"EntryPoint","urlTemplate":"https:\/\/www.chioschandrishotel.gr\/?s={search_term_string}"},"query-input":"required name=search_term_string"}],"inLanguage":"tr"}]}},"_links":{"self":[{"href":"https:\/\/www.chioschandrishotel.gr\/tr\/wp-json\/wp\/v2\/pages\/12113","targetHints":{"allow":["GET"]}}],"collection":[{"href":"https:\/\/www.chioschandrishotel.gr\/tr\/wp-json\/wp\/v2\/pages"}],"about":[{"href":"https:\/\/www.chioschandrishotel.gr\/tr\/wp-json\/wp\/v2\/types\/page"}],"author":[{"embeddable":true,"href":"https:\/\/www.chioschandrishotel.gr\/tr\/wp-json\/wp\/v2\/users\/1"}],"replies":[{"embeddable":true,"href":"https:\/\/www.chioschandrishotel.gr\/tr\/wp-json\/wp\/v2\/comments?post=12113"}],"version-history":[{"count":4,"href":"https:\/\/www.chioschandrishotel.gr\/tr\/wp-json\/wp\/v2\/pages\/12113\/revisions"}],"predecessor-version":[{"id":12322,"href":"https:\/\/www.chioschandrishotel.gr\/tr\/wp-json\/wp\/v2\/pages\/12113\/revisions\/12322"}],"wp:featuredmedia":[{"embeddable":true,"href":"https:\/\/www.chioschandrishotel.gr\/tr\/wp-json\/wp\/v2\/media\/11698"}],"wp:attachment":[{"href":"https:\/\/www.chioschandrishotel.gr\/tr\/wp-json\/wp\/v2\/media?parent=12113"}],"curies":[{"name":"wp","href":"https:\/\/api.w.org\/{rel}","templated":true}]}}