{"id":12112,"date":"2017-11-02T11:37:53","date_gmt":"2017-11-02T11:37:53","guid":{"rendered":"https:\/\/www.chioschandrishotel.gr\/regatta-bar\/"},"modified":"2025-01-09T11:55:57","modified_gmt":"2025-01-09T09:55:57","slug":"regatta-bar","status":"publish","type":"page","link":"https:\/\/www.chioschandrishotel.gr\/tr\/regatta-bar\/","title":{"rendered":"Regatta Bar"},"content":{"rendered":"[vc_row row_type=&#8221;1&#8243; animate=&#8221;&#8221; blox_class=&#8221;mynegmarg&#8221;][vc_column][rev_slider_vc alias=&#8221;regatta-single&#8221;][\/vc_column][\/vc_row][vc_row animate=&#8221;&#8221; blox_class=&#8221;mypadding nomarbottom bh&#8221;][vc_column offset=&#8221;vc_col-md-offset-1 vc_col-md-10&#8243; el_class=&#8221;mysinglerestdesc&#8221;][vc_custom_heading text=&#8221;REGATTA BAR&#8221; font_container=&#8221;tag:h1|text_align:center&#8221; google_fonts=&#8221;font_family:Noto%20Serif%3Aregular%2Citalic%2C700%2C700italic|font_style:400%20regular%3A400%3Anormal&#8221; el_class=&#8221;myresttitle&#8221;][vc_column_text]\n<p style=\"text-align: center;\">Lobinin \u00f6zel bir k\u00f6\u015fesinde yer alan \u015f\u0131k Regatta Bar, g\u00fcn boyunca taze demlenmi\u015f kahve, \u00e7ay, tatl\u0131 ve tuzlu at\u0131\u015ft\u0131rmal\u0131klar, biralar ve serinletici i\u00e7ecekler sunmaktad\u0131r.<\/p>\n<p style=\"text-align: center;\">Havuzba\u015f\u0131 Kafe (mevsimlik)<br \/>\nYaz aylar\u0131nda, liman ve deniz manzaral\u0131 b\u00fcy\u00fck havuzun yan\u0131ndaki a\u00e7\u0131k hava kafede i\u00e7kinizin veya kokteylinizin yan\u0131 s\u0131ra hafif bir yeme\u011fin tad\u0131n\u0131 \u00e7\u0131karabilirsiniz.<\/p>\n[\/vc_column_text][\/vc_column][\/vc_row][vc_row animate=&#8221;&#8221; blox_class=&#8221;row-eq-height myonlybottompadding nomarbottom&#8221;][vc_column width=&#8221;1\/2&#8243; el_class=&#8221;eqheight text-center myrightborder&#8221;][vc_raw_html]JTNDZGl2JTIwY2xhc3MlM0QlMjJteXJlc3Rob3VycyUyMiUzRSUwQSUwOSUzQ2gzJTNFJUMzJTg3QUxJJUM1JTlFTUElMjBTQUFUTEVSJUM0JUIwJTNDJTJGaDMlM0UlMEElM0NkaXYlMjBjbGFzcyUzRCUyMnZjX3NlcGFyYXRvciUyMHdwYl9jb250ZW50X2VsZW1lbnQlMjB2Y19zZXBhcmF0b3JfYWxpZ25fY2VudGVyJTIwdmNfc2VwX3dpZHRoXzEwJTIwdmNfc2VwX2JvcmRlcl93aWR0aF8yJTIwdmNfc2VwX3Bvc19hbGlnbl9jZW50ZXIlMjB2Y19zZXBhcmF0b3Jfbm9fdGV4dCUyMCUyMG15c2VwYXJhdG9yJTIyJTNFJTNDc3BhbiUyMGNsYXNzJTNEJTIydmNfc2VwX2hvbGRlciUyMHZjX3NlcF9ob2xkZXJfbCUyMiUzRSUzQ3NwYW4lMjBzdHlsZSUzRCUyMmJvcmRlci1jb2xvciUzQSUyMzQ5YWRiYiUzQiUyMiUyMGNsYXNzJTNEJTIydmNfc2VwX2xpbmUlMjIlM0UlM0MlMkZzcGFuJTNFJTNDJTJGc3BhbiUzRSUwQSUzQyUyRmRpdiUzRSUwQSUwOSUzQ3AlM0VIZXJnJUMzJUJDbiUzQSUyMDA5JTNBMDAlMjAtJTIwMjMlM0EwMCUzQyUyRnAlM0UlMEElM0MlMkZkaXYlM0U=[\/vc_raw_html][\/vc_column][vc_column width=&#8221;1\/2&#8243; el_class=&#8221;eqheight text-center&#8221;][vc_raw_html]JTNDZGl2JTIwY2xhc3MlM0QlMjJteXJlc3RtZW51JTIyJTNFJTBBJTA5JTNDaDMlM0VNRU4lQzMlOUMlM0MlMkZoMyUzRSUwQSUzQ2RpdiUyMGNsYXNzJTNEJTIydmNfc2VwYXJhdG9yJTIwd3BiX2NvbnRlbnRfZWxlbWVudCUyMHZjX3NlcGFyYXRvcl9hbGlnbl9jZW50ZXIlMjB2Y19zZXBfd2lkdGhfMTAlMjB2Y19zZXBfYm9yZGVyX3dpZHRoXzIlMjB2Y19zZXBfcG9zX2FsaWduX2NlbnRlciUyMHZjX3NlcGFyYXRvcl9ub190ZXh0JTIwJTIwbXlzZXBhcmF0b3IlMjIlM0UlM0NzcGFuJTIwY2xhc3MlM0QlMjJ2Y19zZXBfaG9sZGVyJTIwdmNfc2VwX2hvbGRlcl9sJTIyJTNFJTNDc3BhbiUyMHN0eWxlJTNEJTIyYm9yZGVyLWNvbG9yJTNBJTIzNDlhZGJiJTNCJTIyJTIwY2xhc3MlM0QlMjJ2Y19zZXBfbGluZSUyMiUzRSUzQyUyRnNwYW4lM0UlM0MlMkZzcGFuJTNFJTBBJTNDJTJGZGl2JTNFJTBBJTA5JTNDcCUzRSUzQ2ElMjBocmVmJTNEJTIyaHR0cHMlM0ElMkYlMkZ3d3cuY2hpb3NjaGFuZHJpc2hvdGVsLmdyJTJGd3AtY29udGVudCUyRnVwbG9hZHMlMkYyMDI1JTJGMDElMkZSZWdnYXRhLXBvb2wtYmFyLW1lbnUucGRmJTIyJTIwdGFyZ2V0JTNEJTIyX2JsYW5rJTIyJTNFJTNDaSUyMGNsYXNzJTNEJTIyZmEtZmlsZS1wZGYtbyUyMG15cmVzdG1lbnVpY29uJTIyJTNFJTNDJTJGaSUzRSUzQyUyRmElM0UlMEElM0NhJTIwaHJlZiUzRCUyMmh0dHBzJTNBJTJGJTJGd3d3LmNoaW9zY2hhbmRyaXNob3RlbC5nciUyRndwLWNvbnRlbnQlMkZ1cGxvYWRzJTJGMjAyNSUyRjAxJTJGUmVnZ2F0YS1wb29sLWJhci1tZW51LnBkZiUyMiUyMHRhcmdldCUzRCUyMl9ibGFuayUyMiUzRU1lbiVDMyVCQ3klQzMlQkMlMjBHJUMzJUI2ciVDMyVCQ250JUMzJUJDbGUlM0MlMkZhJTNFJTNDJTJGcCUzRSUwQSUzQyUyRmRpdiUzRSUwQQ==[\/vc_raw_html][\/vc_column][\/vc_row]\n","protected":false},"excerpt":{"rendered":"<p>[vc_row row_type=&#8221;1&#8243; animate=&#8221;&#8221; blox_class=&#8221;mynegmarg&#8221;][vc_column][rev_slider_vc alias=&#8221;regatta-single&#8221;][\/vc_column][\/vc_row][vc_row animate=&#8221;&#8221; blox_class=&#8221;mypadding nomarbottom bh&#8221;][vc_column offset=&#8221;vc_col-md-offset-1 vc_col-md-10&#8243; el_class=&#8221;mysinglerestdesc&#8221;][vc_custom_heading text=&#8221;REGATTA BAR&#8221; font_container=&#8221;tag:h1|text_align:center&#8221; google_fonts=&#8221;font_family:Noto%20Serif%3Aregular%2Citalic%2C700%2C700italic|font_style:400%20regular%3A400%3Anormal&#8221; el_class=&#8221;myresttitle&#8221;][vc_column_text] Lobinin \u00f6zel bir k\u00f6\u015fesinde yer alan \u015f\u0131k Regatta Bar, g\u00fcn boyunca taze demlenmi\u015f kahve, \u00e7ay, tatl\u0131 ve tuzlu at\u0131\u015ft\u0131rmal\u0131klar, biralar ve serinletici i\u00e7ecekler sunmaktad\u0131r. Havuzba\u015f\u0131 Kafe (mevsimlik) Yaz aylar\u0131nda, liman ve deniz manzaral\u0131 b\u00fcy\u00fck havuzun yan\u0131ndaki a\u00e7\u0131k hava kafede i\u00e7kinizin veya kokteylinizin yan\u0131 s\u0131ra hafif bir yeme\u011fin tad\u0131n\u0131 \u00e7\u0131karabilirsiniz. [\/vc_column_text][\/vc_column][\/vc_row][vc_row animate=&#8221;&#8221; blox_class=&#8221;row-eq-height myonlybottompadding nomarbottom&#8221;][vc_column width=&#8221;1\/2&#8243; el_class=&#8221;eqheight text-center myrightborder&#8221;][vc_raw_html]JTNDZGl2JTIwY2xhc3MlM0QlMjJteXJlc3Rob3VycyUyMiUzRSUwQSUwOSUzQ2gzJTNFJUMzJTg3QUxJJUM1JTlFTUElMjBTQUFUTEVSJUM0JUIwJTNDJTJGaDMlM0UlMEElM0NkaXYlMjBjbGFzcyUzRCUyMnZjX3NlcGFyYXRvciUyMHdwYl9jb250ZW50X2VsZW1lbnQlMjB2Y19zZXBhcmF0b3JfYWxpZ25fY2VudGVyJTIwdmNfc2VwX3dpZHRoXzEwJTIwdmNfc2VwX2JvcmRlcl93aWR0aF8yJTIwdmNfc2VwX3Bvc19hbGlnbl9jZW50ZXIlMjB2Y19zZXBhcmF0b3Jfbm9fdGV4dCUyMCUyMG15c2VwYXJhdG9yJTIyJTNFJTNDc3BhbiUyMGNsYXNzJTNEJTIydmNfc2VwX2hvbGRlciUyMHZjX3NlcF9ob2xkZXJfbCUyMiUzRSUzQ3NwYW4lMjBzdHlsZSUzRCUyMmJvcmRlci1jb2xvciUzQSUyMzQ5YWRiYiUzQiUyMiUyMGNsYXNzJTNEJTIydmNfc2VwX2xpbmUlMjIlM0UlM0MlMkZzcGFuJTNFJTNDJTJGc3BhbiUzRSUwQSUzQyUyRmRpdiUzRSUwQSUwOSUzQ3AlM0VIZXJnJUMzJUJDbiUzQSUyMDA5JTNBMDAlMjAtJTIwMjMlM0EwMCUzQyUyRnAlM0UlMEElM0MlMkZkaXYlM0U=[\/vc_raw_html][\/vc_column][vc_column width=&#8221;1\/2&#8243; el_class=&#8221;eqheight text-center&#8221;][vc_raw_html]JTNDZGl2JTIwY2xhc3MlM0QlMjJteXJlc3RtZW51JTIyJTNFJTBBJTA5JTNDaDMlM0VNRU4lQzMlOUMlM0MlMkZoMyUzRSUwQSUzQ2RpdiUyMGNsYXNzJTNEJTIydmNfc2VwYXJhdG9yJTIwd3BiX2NvbnRlbnRfZWxlbWVudCUyMHZjX3NlcGFyYXRvcl9hbGlnbl9jZW50ZXIlMjB2Y19zZXBfd2lkdGhfMTAlMjB2Y19zZXBfYm9yZGVyX3dpZHRoXzIlMjB2Y19zZXBfcG9zX2FsaWduX2NlbnRlciUyMHZjX3NlcGFyYXRvcl9ub190ZXh0JTIwJTIwbXlzZXBhcmF0b3IlMjIlM0UlM0NzcGFuJTIwY2xhc3MlM0QlMjJ2Y19zZXBfaG9sZGVyJTIwdmNfc2VwX2hvbGRlcl9sJTIyJTNFJTNDc3BhbiUyMHN0eWxlJTNEJTIyYm9yZGVyLWNvbG9yJTNBJTIzNDlhZGJiJTNCJTIyJTIwY2xhc3MlM0QlMjJ2Y19zZXBfbGluZSUyMiUzRSUzQyUyRnNwYW4lM0UlM0MlMkZzcGFuJTNFJTBBJTNDJTJGZGl2JTNFJTBBJTA5JTNDcCUzRSUzQ2ElMjBocmVmJTNEJTIyaHR0cHMlM0ElMkYlMkZ3d3cuY2hpb3NjaGFuZHJpc2hvdGVsLmdyJTJGd3AtY29udGVudCUyRnVwbG9hZHMlMkYyMDI1JTJGMDElMkZSZWdnYXRhLXBvb2wtYmFyLW1lbnUucGRmJTIyJTIwdGFyZ2V0JTNEJTIyX2JsYW5rJTIyJTNFJTNDaSUyMGNsYXNzJTNEJTIyZmEtZmlsZS1wZGYtbyUyMG15cmVzdG1lbnVpY29uJTIyJTNFJTNDJTJGaSUzRSUzQyUyRmElM0UlMEElM0NhJTIwaHJlZiUzRCUyMmh0dHBzJTNBJTJGJTJGd3d3LmNoaW9zY2hhbmRyaXNob3RlbC5nciUyRndwLWNvbnRlbnQlMkZ1cGxvYWRzJTJGMjAyNSUyRjAxJTJGUmVnZ2F0YS1wb29sLWJhci1tZW51LnBkZiUyMiUyMHRhcmdldCUzRCUyMl9ibGFuayUyMiUzRU1lbiVDMyVCQ3klQzMlQkMlMjBHJUMzJUI2ciVDMyVCQ250JUMzJUJDbGUlM0MlMkZhJTNFJTNDJTJGcCUzRSUwQSUzQyUyRmRpdiUzRSUwQQ==[\/vc_raw_html][\/vc_column][\/vc_row]<\/p>\n","protected":false},"author":1,"featured_media":0,"parent":0,"menu_order":0,"comment_status":"closed","ping_status":"closed","template":"","meta":{"footnotes":""},"class_list":["post-12112","page","type-page","status-publish","hentry"],"yoast_head":"<!-- This site is optimized with the Yoast SEO plugin v20.7 - https:\/\/yoast.com\/wordpress\/plugins\/seo\/ -->\n<title>Regatta Bar | Chios Chadris Hotel<\/title>\n<meta name=\"description\" content=\"Our elegant Regatta Bar serves freshly brewed coffee and tea, refreshing soft drinks and beers, and sweet and savory snacks throughout the day.\" \/>\n<meta name=\"robots\" content=\"index, follow, max-snippet:-1, max-image-preview:large, max-video-preview:-1\" \/>\n<link rel=\"canonical\" href=\"https:\/\/www.chioschandrishotel.gr\/tr\/regatta-bar\/\" \/>\n<meta property=\"og:locale\" content=\"tr_TR\" \/>\n<meta property=\"og:type\" content=\"article\" \/>\n<meta property=\"og:title\" content=\"Regatta Bar | Chios Chadris Hotel\" \/>\n<meta property=\"og:description\" content=\"Our elegant Regatta Bar serves freshly brewed coffee and tea, refreshing soft drinks and beers, and sweet and savory snacks throughout the day.\" \/>\n<meta property=\"og:url\" content=\"https:\/\/www.chioschandrishotel.gr\/tr\/regatta-bar\/\" \/>\n<meta property=\"og:site_name\" content=\"Chios Chandris Hotel\" \/>\n<meta property=\"article:modified_time\" content=\"2025-01-09T09:55:57+00:00\" \/>\n<meta name=\"twitter:card\" content=\"summary_large_image\" \/>\n<meta name=\"twitter:label1\" content=\"Est. reading time\" \/>\n\t<meta name=\"twitter:data1\" content=\"1 dakika\" \/>\n<script type=\"application\/ld+json\" class=\"yoast-schema-graph\">{\"@context\":\"https:\/\/schema.org\",\"@graph\":[{\"@type\":\"WebPage\",\"@id\":\"https:\/\/www.chioschandrishotel.gr\/tr\/regatta-bar\/\",\"url\":\"https:\/\/www.chioschandrishotel.gr\/tr\/regatta-bar\/\",\"name\":\"Regatta Bar | Chios Chadris Hotel\",\"isPartOf\":{\"@id\":\"https:\/\/www.chioschandrishotel.gr\/#website\"},\"datePublished\":\"2017-11-02T11:37:53+00:00\",\"dateModified\":\"2025-01-09T09:55:57+00:00\",\"description\":\"Our elegant Regatta Bar serves freshly brewed coffee and tea, refreshing soft drinks and beers, and sweet and savory snacks throughout the day.\",\"breadcrumb\":{\"@id\":\"https:\/\/www.chioschandrishotel.gr\/tr\/regatta-bar\/#breadcrumb\"},\"inLanguage\":\"tr\",\"potentialAction\":[{\"@type\":\"ReadAction\",\"target\":[\"https:\/\/www.chioschandrishotel.gr\/tr\/regatta-bar\/\"]}]},{\"@type\":\"BreadcrumbList\",\"@id\":\"https:\/\/www.chioschandrishotel.gr\/tr\/regatta-bar\/#breadcrumb\",\"itemListElement\":[{\"@type\":\"ListItem\",\"position\":1,\"name\":\"Home\",\"item\":\"https:\/\/www.chioschandrishotel.gr\/tr\/\"},{\"@type\":\"ListItem\",\"position\":2,\"name\":\"Regatta Bar\"}]},{\"@type\":\"WebSite\",\"@id\":\"https:\/\/www.chioschandrishotel.gr\/#website\",\"url\":\"https:\/\/www.chioschandrishotel.gr\/\",\"name\":\"Chios Chandris Hotel\",\"description\":\"City and Vacation Hotel in Chios\",\"potentialAction\":[{\"@type\":\"SearchAction\",\"target\":{\"@type\":\"EntryPoint\",\"urlTemplate\":\"https:\/\/www.chioschandrishotel.gr\/?s={search_term_string}\"},\"query-input\":\"required name=search_term_string\"}],\"inLanguage\":\"tr\"}]}<\/script>\n<!-- \/ Yoast SEO plugin. -->","yoast_head_json":{"title":"Regatta Bar | Chios Chadris Hotel","description":"Our elegant Regatta Bar serves freshly brewed coffee and tea, refreshing soft drinks and beers, and sweet and savory snacks throughout the day.","robots":{"index":"index","follow":"follow","max-snippet":"max-snippet:-1","max-image-preview":"max-image-preview:large","max-video-preview":"max-video-preview:-1"},"canonical":"https:\/\/www.chioschandrishotel.gr\/tr\/regatta-bar\/","og_locale":"tr_TR","og_type":"article","og_title":"Regatta Bar | Chios Chadris Hotel","og_description":"Our elegant Regatta Bar serves freshly brewed coffee and tea, refreshing soft drinks and beers, and sweet and savory snacks throughout the day.","og_url":"https:\/\/www.chioschandrishotel.gr\/tr\/regatta-bar\/","og_site_name":"Chios Chandris Hotel","article_modified_time":"2025-01-09T09:55:57+00:00","twitter_card":"summary_large_image","twitter_misc":{"Est. reading time":"1 dakika"},"schema":{"@context":"https:\/\/schema.org","@graph":[{"@type":"WebPage","@id":"https:\/\/www.chioschandrishotel.gr\/tr\/regatta-bar\/","url":"https:\/\/www.chioschandrishotel.gr\/tr\/regatta-bar\/","name":"Regatta Bar | Chios Chadris Hotel","isPartOf":{"@id":"https:\/\/www.chioschandrishotel.gr\/#website"},"datePublished":"2017-11-02T11:37:53+00:00","dateModified":"2025-01-09T09:55:57+00:00","description":"Our elegant Regatta Bar serves freshly brewed coffee and tea, refreshing soft drinks and beers, and sweet and savory snacks throughout the day.","breadcrumb":{"@id":"https:\/\/www.chioschandrishotel.gr\/tr\/regatta-bar\/#breadcrumb"},"inLanguage":"tr","potentialAction":[{"@type":"ReadAction","target":["https:\/\/www.chioschandrishotel.gr\/tr\/regatta-bar\/"]}]},{"@type":"BreadcrumbList","@id":"https:\/\/www.chioschandrishotel.gr\/tr\/regatta-bar\/#breadcrumb","itemListElement":[{"@type":"ListItem","position":1,"name":"Home","item":"https:\/\/www.chioschandrishotel.gr\/tr\/"},{"@type":"ListItem","position":2,"name":"Regatta Bar"}]},{"@type":"WebSite","@id":"https:\/\/www.chioschandrishotel.gr\/#website","url":"https:\/\/www.chioschandrishotel.gr\/","name":"Chios Chandris Hotel","description":"City and Vacation Hotel in Chios","potentialAction":[{"@type":"SearchAction","target":{"@type":"EntryPoint","urlTemplate":"https:\/\/www.chioschandrishotel.gr\/?s={search_term_string}"},"query-input":"required name=search_term_string"}],"inLanguage":"tr"}]}},"_links":{"self":[{"href":"https:\/\/www.chioschandrishotel.gr\/tr\/wp-json\/wp\/v2\/pages\/12112","targetHints":{"allow":["GET"]}}],"collection":[{"href":"https:\/\/www.chioschandrishotel.gr\/tr\/wp-json\/wp\/v2\/pages"}],"about":[{"href":"https:\/\/www.chioschandrishotel.gr\/tr\/wp-json\/wp\/v2\/types\/page"}],"author":[{"embeddable":true,"href":"https:\/\/www.chioschandrishotel.gr\/tr\/wp-json\/wp\/v2\/users\/1"}],"replies":[{"embeddable":true,"href":"https:\/\/www.chioschandrishotel.gr\/tr\/wp-json\/wp\/v2\/comments?post=12112"}],"version-history":[{"count":3,"href":"https:\/\/www.chioschandrishotel.gr\/tr\/wp-json\/wp\/v2\/pages\/12112\/revisions"}],"predecessor-version":[{"id":12327,"href":"https:\/\/www.chioschandrishotel.gr\/tr\/wp-json\/wp\/v2\/pages\/12112\/revisions\/12327"}],"wp:attachment":[{"href":"https:\/\/www.chioschandrishotel.gr\/tr\/wp-json\/wp\/v2\/media?parent=12112"}],"curies":[{"name":"wp","href":"https:\/\/api.w.org\/{rel}","templated":true}]}}