{"id":12111,"date":"2017-11-02T11:31:19","date_gmt":"2017-11-02T11:31:19","guid":{"rendered":"https:\/\/www.chioschandrishotel.gr\/elinda-restaurant\/"},"modified":"2025-12-17T12:32:29","modified_gmt":"2025-12-17T10:32:29","slug":"elinda-restaurant","status":"publish","type":"page","link":"https:\/\/www.chioschandrishotel.gr\/tr\/elinda-restaurant\/","title":{"rendered":"Elinda Restaurant"},"content":{"rendered":"[vc_row row_type=&#8221;1&#8243; animate=&#8221;&#8221; blox_class=&#8221;mynegmarg&#8221;][vc_column][rev_slider_vc alias=&#8221;elinda-single&#8221;][\/vc_column][\/vc_row][vc_row animate=&#8221;&#8221; blox_class=&#8221;mypadding nomarbottom bh&#8221;][vc_column offset=&#8221;vc_col-md-offset-1 vc_col-md-10&#8243; el_class=&#8221;mysinglerestdesc&#8221;][vc_custom_heading text=&#8221;ELINDA RESTAURANT&#8221; font_container=&#8221;tag:h1|text_align:center&#8221; google_fonts=&#8221;font_family:Noto%20Serif%3Aregular%2Citalic%2C700%2C700italic|font_style:400%20regular%3A400%3Anormal&#8221; el_class=&#8221;myresttitle&#8221;][vc_column_text]\n<p style=\"text-align: center;\">Lobi kat\u0131nda yer alan, do\u011fal \u0131\u015f\u0131k alan ve m\u00fckemmel liman manzaras\u0131 sunan Elinda Restaurant, zengin, besleyici ve lezzetli kahvalt\u0131 b\u00fcfesiyle tan\u0131n\u0131r.\u00a0Ak\u015fam oldu\u011funda ise, \u0131\u015f\u0131kland\u0131r\u0131lm\u0131\u015f liman\u0131n muhte\u015fem gece manzaras\u0131 e\u015fli\u011finde cazip alakart ak\u015fam yeme\u011fi men\u00fcm\u00fczden se\u00e7im yapabilirsiniz.<\/p>\n[\/vc_column_text][\/vc_column][\/vc_row][vc_row animate=&#8221;&#8221; blox_class=&#8221;row-eq-height myonlybottompadding nomarbottom&#8221;][vc_column width=&#8221;1\/2&#8243; el_class=&#8221;eqheight text-center myrightborder&#8221;][vc_raw_html]JTNDZGl2JTIwY2xhc3MlM0QlMjJteXJlc3Rob3VycyUyMiUzRSUwQSUwOSUzQ2gzJTNFJUMzJTg3QUxJJUM1JTlFTUElMjBTQUFUTEVSJUM0JUIwJTNDJTJGaDMlM0UlMEElM0NkaXYlMjBjbGFzcyUzRCUyMnZjX3NlcGFyYXRvciUyMHdwYl9jb250ZW50X2VsZW1lbnQlMjB2Y19zZXBhcmF0b3JfYWxpZ25fY2VudGVyJTIwdmNfc2VwX3dpZHRoXzEwJTIwdmNfc2VwX2JvcmRlcl93aWR0aF8yJTIwdmNfc2VwX3Bvc19hbGlnbl9jZW50ZXIlMjB2Y19zZXBhcmF0b3Jfbm9fdGV4dCUyMCUyMG15c2VwYXJhdG9yJTIyJTNFJTNDc3BhbiUyMGNsYXNzJTNEJTIydmNfc2VwX2hvbGRlciUyMHZjX3NlcF9ob2xkZXJfbCUyMiUzRSUzQ3NwYW4lMjBzdHlsZSUzRCUyMmJvcmRlci1jb2xvciUzQSUyMzQ5YWRiYiUzQiUyMiUyMGNsYXNzJTNEJTIydmNfc2VwX2xpbmUlMjIlM0UlM0MlMkZzcGFuJTNFJTNDJTJGc3BhbiUzRSUwQSUzQyUyRmRpdiUzRSUwQSUwOSUzQ3AlM0VIZXJnJUMzJUJDbiUyMCUzQSUyMDEzJTNBMDAlMjAtJTIwMjMlM0EwMCUzQyUyRnAlM0UlMEElM0MlMkZkaXYlM0U=[\/vc_raw_html][\/vc_column][vc_column width=&#8221;1\/2&#8243; el_class=&#8221;eqheight text-center&#8221;][vc_raw_html]JTNDZGl2JTIwY2xhc3MlM0QlMjJteXJlc3RtZW51JTIyJTNFJTBBJTA5JTNDaDMlM0VNRU4lQzMlOUMlM0MlMkZoMyUzRSUwQSUwQSUwOSUzQ2RpdiUyMGNsYXNzJTNEJTIydmNfc2VwYXJhdG9yJTIwd3BiX2NvbnRlbnRfZWxlbWVudCUyMHZjX3NlcGFyYXRvcl9hbGlnbl9jZW50ZXIlMjB2Y19zZXBfd2lkdGhfMTAlMjB2Y19zZXBfYm9yZGVyX3dpZHRoXzIlMjB2Y19zZXBfcG9zX2FsaWduX2NlbnRlciUyMHZjX3NlcGFyYXRvcl9ub190ZXh0JTIwbXlzZXBhcmF0b3IlMjIlM0UlMEElMDklMDklM0NzcGFuJTIwY2xhc3MlM0QlMjJ2Y19zZXBfaG9sZGVyJTIwdmNfc2VwX2hvbGRlcl9sJTIyJTNFJTBBJTA5JTA5JTA5JTNDc3BhbiUyMHN0eWxlJTNEJTIyYm9yZGVyLWNvbG9yJTNBJTIzNDlhZGJiJTNCJTIyJTIwY2xhc3MlM0QlMjJ2Y19zZXBfbGluZSUyMiUzRSUzQyUyRnNwYW4lM0UlMEElMDklMDklM0MlMkZzcGFuJTNFJTBBJTA5JTNDJTJGZGl2JTNFJTBBJTBBJTA5JTNDcCUzRSUwQSUwOSUwOSUzQ2ElMjBocmVmJTNEJTIyaHR0cHMlM0ElMkYlMkZ3d3cuY2hpb3NjaGFuZHJpc2hvdGVsLmdyJTJGd3AtY29udGVudCUyRnVwbG9hZHMlMkYyMDE3JTJGMTAlMkZFTElOREEtTUVOVS1UUi5wZGYlMjIlMjB0YXJnZXQlM0QlMjJfYmxhbmslMjIlM0UlMEElMDklMDklMDklM0NpJTIwY2xhc3MlM0QlMjJmYSUyMGZhLWZpbGUtcGRmLW8lMjBteXJlc3RtZW51aWNvbiUyMiUzRSUzQyUyRmklM0UlMEElMDklMDklM0MlMkZhJTNFJTBBJTA5JTA5JTNDYSUyMGhyZWYlM0QlMjJodHRwcyUzQSUyRiUyRnd3dy5jaGlvc2NoYW5kcmlzaG90ZWwuZ3IlMkZ3cC1jb250ZW50JTJGdXBsb2FkcyUyRjIwMTclMkYxMCUyRkVMSU5EQS1NRU5VLVRSLnBkZiUyMiUyMHRhcmdldCUzRCUyMl9ibGFuayUyMiUzRSUwQSUwOSUwOSUwOU1lbiVDMyVCQ3klQzMlQkMlMjBHJUMzJUI2ciVDMyVCQ250JUMzJUJDbGUlMEElMDklMDklM0MlMkZhJTNFJTBBJTA5JTNDJTJGcCUzRSUwQSUzQyUyRmRpdiUzRSUwQQ==[\/vc_raw_html][\/vc_column][\/vc_row]\n","protected":false},"excerpt":{"rendered":"<p>[vc_row row_type=&#8221;1&#8243; animate=&#8221;&#8221; blox_class=&#8221;mynegmarg&#8221;][vc_column][rev_slider_vc alias=&#8221;elinda-single&#8221;][\/vc_column][\/vc_row][vc_row animate=&#8221;&#8221; blox_class=&#8221;mypadding nomarbottom bh&#8221;][vc_column offset=&#8221;vc_col-md-offset-1 vc_col-md-10&#8243; el_class=&#8221;mysinglerestdesc&#8221;][vc_custom_heading text=&#8221;ELINDA RESTAURANT&#8221; font_container=&#8221;tag:h1|text_align:center&#8221; google_fonts=&#8221;font_family:Noto%20Serif%3Aregular%2Citalic%2C700%2C700italic|font_style:400%20regular%3A400%3Anormal&#8221; el_class=&#8221;myresttitle&#8221;][vc_column_text] Lobi kat\u0131nda yer alan, do\u011fal \u0131\u015f\u0131k alan ve m\u00fckemmel liman manzaras\u0131 sunan Elinda Restaurant, zengin, besleyici ve lezzetli kahvalt\u0131 b\u00fcfesiyle tan\u0131n\u0131r.\u00a0Ak\u015fam oldu\u011funda ise, \u0131\u015f\u0131kland\u0131r\u0131lm\u0131\u015f liman\u0131n muhte\u015fem gece manzaras\u0131 e\u015fli\u011finde cazip alakart ak\u015fam yeme\u011fi men\u00fcm\u00fczden se\u00e7im yapabilirsiniz. [\/vc_column_text][\/vc_column][\/vc_row][vc_row animate=&#8221;&#8221; blox_class=&#8221;row-eq-height myonlybottompadding nomarbottom&#8221;][vc_column width=&#8221;1\/2&#8243; el_class=&#8221;eqheight text-center myrightborder&#8221;][vc_raw_html]JTNDZGl2JTIwY2xhc3MlM0QlMjJteXJlc3Rob3VycyUyMiUzRSUwQSUwOSUzQ2gzJTNFJUMzJTg3QUxJJUM1JTlFTUElMjBTQUFUTEVSJUM0JUIwJTNDJTJGaDMlM0UlMEElM0NkaXYlMjBjbGFzcyUzRCUyMnZjX3NlcGFyYXRvciUyMHdwYl9jb250ZW50X2VsZW1lbnQlMjB2Y19zZXBhcmF0b3JfYWxpZ25fY2VudGVyJTIwdmNfc2VwX3dpZHRoXzEwJTIwdmNfc2VwX2JvcmRlcl93aWR0aF8yJTIwdmNfc2VwX3Bvc19hbGlnbl9jZW50ZXIlMjB2Y19zZXBhcmF0b3Jfbm9fdGV4dCUyMCUyMG15c2VwYXJhdG9yJTIyJTNFJTNDc3BhbiUyMGNsYXNzJTNEJTIydmNfc2VwX2hvbGRlciUyMHZjX3NlcF9ob2xkZXJfbCUyMiUzRSUzQ3NwYW4lMjBzdHlsZSUzRCUyMmJvcmRlci1jb2xvciUzQSUyMzQ5YWRiYiUzQiUyMiUyMGNsYXNzJTNEJTIydmNfc2VwX2xpbmUlMjIlM0UlM0MlMkZzcGFuJTNFJTNDJTJGc3BhbiUzRSUwQSUzQyUyRmRpdiUzRSUwQSUwOSUzQ3AlM0VIZXJnJUMzJUJDbiUyMCUzQSUyMDEzJTNBMDAlMjAtJTIwMjMlM0EwMCUzQyUyRnAlM0UlMEElM0MlMkZkaXYlM0U=[\/vc_raw_html][\/vc_column][vc_column width=&#8221;1\/2&#8243; el_class=&#8221;eqheight text-center&#8221;][vc_raw_html]JTNDZGl2JTIwY2xhc3MlM0QlMjJteXJlc3RtZW51JTIyJTNFJTBBJTA5JTNDaDMlM0VNRU4lQzMlOUMlM0MlMkZoMyUzRSUwQSUwQSUwOSUzQ2RpdiUyMGNsYXNzJTNEJTIydmNfc2VwYXJhdG9yJTIwd3BiX2NvbnRlbnRfZWxlbWVudCUyMHZjX3NlcGFyYXRvcl9hbGlnbl9jZW50ZXIlMjB2Y19zZXBfd2lkdGhfMTAlMjB2Y19zZXBfYm9yZGVyX3dpZHRoXzIlMjB2Y19zZXBfcG9zX2FsaWduX2NlbnRlciUyMHZjX3NlcGFyYXRvcl9ub190ZXh0JTIwbXlzZXBhcmF0b3IlMjIlM0UlMEElMDklMDklM0NzcGFuJTIwY2xhc3MlM0QlMjJ2Y19zZXBfaG9sZGVyJTIwdmNfc2VwX2hvbGRlcl9sJTIyJTNFJTBBJTA5JTA5JTA5JTNDc3BhbiUyMHN0eWxlJTNEJTIyYm9yZGVyLWNvbG9yJTNBJTIzNDlhZGJiJTNCJTIyJTIwY2xhc3MlM0QlMjJ2Y19zZXBfbGluZSUyMiUzRSUzQyUyRnNwYW4lM0UlMEElMDklMDklM0MlMkZzcGFuJTNFJTBBJTA5JTNDJTJGZGl2JTNFJTBBJTBBJTA5JTNDcCUzRSUwQSUwOSUwOSUzQ2ElMjBocmVmJTNEJTIyaHR0cHMlM0ElMkYlMkZ3d3cuY2hpb3NjaGFuZHJpc2hvdGVsLmdyJTJGd3AtY29udGVudCUyRnVwbG9hZHMlMkYyMDE3JTJGMTAlMkZFTElOREEtTUVOVS1UUi5wZGYlMjIlMjB0YXJnZXQlM0QlMjJfYmxhbmslMjIlM0UlMEElMDklMDklMDklM0NpJTIwY2xhc3MlM0QlMjJmYSUyMGZhLWZpbGUtcGRmLW8lMjBteXJlc3RtZW51aWNvbiUyMiUzRSUzQyUyRmklM0UlMEElMDklMDklM0MlMkZhJTNFJTBBJTA5JTA5JTNDYSUyMGhyZWYlM0QlMjJodHRwcyUzQSUyRiUyRnd3dy5jaGlvc2NoYW5kcmlzaG90ZWwuZ3IlMkZ3cC1jb250ZW50JTJGdXBsb2FkcyUyRjIwMTclMkYxMCUyRkVMSU5EQS1NRU5VLVRSLnBkZiUyMiUyMHRhcmdldCUzRCUyMl9ibGFuayUyMiUzRSUwQSUwOSUwOSUwOU1lbiVDMyVCQ3klQzMlQkMlMjBHJUMzJUI2ciVDMyVCQ250JUMzJUJDbGUlMEElMDklMDklM0MlMkZhJTNFJTBBJTA5JTNDJTJGcCUzRSUwQSUzQyUyRmRpdiUzRSUwQQ==[\/vc_raw_html][\/vc_column][\/vc_row]<\/p>\n","protected":false},"author":1,"featured_media":0,"parent":0,"menu_order":0,"comment_status":"closed","ping_status":"closed","template":"","meta":{"footnotes":""},"class_list":["post-12111","page","type-page","status-publish","hentry"],"yoast_head":"<!-- This site is optimized with the Yoast SEO plugin v20.7 - https:\/\/yoast.com\/wordpress\/plugins\/seo\/ -->\n<title>Elinda Restaurant | Chios Chadris Hotel<\/title>\n<meta name=\"description\" content=\"Bathed in natural light and offering excellent views of the harbor, Elinda Restaurant is known for its rich breakfast buffet and \u00e0 la carte dinner menu.\" \/>\n<meta name=\"robots\" content=\"index, follow, max-snippet:-1, max-image-preview:large, max-video-preview:-1\" \/>\n<link rel=\"canonical\" href=\"https:\/\/www.chioschandrishotel.gr\/tr\/elinda-restaurant\/\" \/>\n<meta property=\"og:locale\" content=\"tr_TR\" \/>\n<meta property=\"og:type\" content=\"article\" \/>\n<meta property=\"og:title\" content=\"Elinda Restaurant | Chios Chadris Hotel\" \/>\n<meta property=\"og:description\" content=\"Bathed in natural light and offering excellent views of the harbor, Elinda Restaurant is known for its rich breakfast buffet and \u00e0 la carte dinner menu.\" \/>\n<meta property=\"og:url\" content=\"https:\/\/www.chioschandrishotel.gr\/tr\/elinda-restaurant\/\" \/>\n<meta property=\"og:site_name\" content=\"Chios Chandris Hotel\" \/>\n<meta property=\"article:modified_time\" content=\"2025-12-17T10:32:29+00:00\" \/>\n<meta name=\"twitter:card\" content=\"summary_large_image\" \/>\n<meta name=\"twitter:label1\" content=\"Est. reading time\" \/>\n\t<meta name=\"twitter:data1\" content=\"1 dakika\" \/>\n<script type=\"application\/ld+json\" class=\"yoast-schema-graph\">{\"@context\":\"https:\/\/schema.org\",\"@graph\":[{\"@type\":\"WebPage\",\"@id\":\"https:\/\/www.chioschandrishotel.gr\/tr\/elinda-restaurant\/\",\"url\":\"https:\/\/www.chioschandrishotel.gr\/tr\/elinda-restaurant\/\",\"name\":\"Elinda Restaurant | Chios Chadris Hotel\",\"isPartOf\":{\"@id\":\"https:\/\/www.chioschandrishotel.gr\/#website\"},\"datePublished\":\"2017-11-02T11:31:19+00:00\",\"dateModified\":\"2025-12-17T10:32:29+00:00\",\"description\":\"Bathed in natural light and offering excellent views of the harbor, Elinda Restaurant is known for its rich breakfast buffet and \u00e0 la carte dinner menu.\",\"breadcrumb\":{\"@id\":\"https:\/\/www.chioschandrishotel.gr\/tr\/elinda-restaurant\/#breadcrumb\"},\"inLanguage\":\"tr\",\"potentialAction\":[{\"@type\":\"ReadAction\",\"target\":[\"https:\/\/www.chioschandrishotel.gr\/tr\/elinda-restaurant\/\"]}]},{\"@type\":\"BreadcrumbList\",\"@id\":\"https:\/\/www.chioschandrishotel.gr\/tr\/elinda-restaurant\/#breadcrumb\",\"itemListElement\":[{\"@type\":\"ListItem\",\"position\":1,\"name\":\"Home\",\"item\":\"https:\/\/www.chioschandrishotel.gr\/tr\/\"},{\"@type\":\"ListItem\",\"position\":2,\"name\":\"Elinda Restaurant\"}]},{\"@type\":\"WebSite\",\"@id\":\"https:\/\/www.chioschandrishotel.gr\/#website\",\"url\":\"https:\/\/www.chioschandrishotel.gr\/\",\"name\":\"Chios Chandris Hotel\",\"description\":\"City and Vacation Hotel in Chios\",\"potentialAction\":[{\"@type\":\"SearchAction\",\"target\":{\"@type\":\"EntryPoint\",\"urlTemplate\":\"https:\/\/www.chioschandrishotel.gr\/?s={search_term_string}\"},\"query-input\":\"required name=search_term_string\"}],\"inLanguage\":\"tr\"}]}<\/script>\n<!-- \/ Yoast SEO plugin. -->","yoast_head_json":{"title":"Elinda Restaurant | Chios Chadris Hotel","description":"Bathed in natural light and offering excellent views of the harbor, Elinda Restaurant is known for its rich breakfast buffet and \u00e0 la carte dinner menu.","robots":{"index":"index","follow":"follow","max-snippet":"max-snippet:-1","max-image-preview":"max-image-preview:large","max-video-preview":"max-video-preview:-1"},"canonical":"https:\/\/www.chioschandrishotel.gr\/tr\/elinda-restaurant\/","og_locale":"tr_TR","og_type":"article","og_title":"Elinda Restaurant | Chios Chadris Hotel","og_description":"Bathed in natural light and offering excellent views of the harbor, Elinda Restaurant is known for its rich breakfast buffet and \u00e0 la carte dinner menu.","og_url":"https:\/\/www.chioschandrishotel.gr\/tr\/elinda-restaurant\/","og_site_name":"Chios Chandris Hotel","article_modified_time":"2025-12-17T10:32:29+00:00","twitter_card":"summary_large_image","twitter_misc":{"Est. reading time":"1 dakika"},"schema":{"@context":"https:\/\/schema.org","@graph":[{"@type":"WebPage","@id":"https:\/\/www.chioschandrishotel.gr\/tr\/elinda-restaurant\/","url":"https:\/\/www.chioschandrishotel.gr\/tr\/elinda-restaurant\/","name":"Elinda Restaurant | Chios Chadris Hotel","isPartOf":{"@id":"https:\/\/www.chioschandrishotel.gr\/#website"},"datePublished":"2017-11-02T11:31:19+00:00","dateModified":"2025-12-17T10:32:29+00:00","description":"Bathed in natural light and offering excellent views of the harbor, Elinda Restaurant is known for its rich breakfast buffet and \u00e0 la carte dinner menu.","breadcrumb":{"@id":"https:\/\/www.chioschandrishotel.gr\/tr\/elinda-restaurant\/#breadcrumb"},"inLanguage":"tr","potentialAction":[{"@type":"ReadAction","target":["https:\/\/www.chioschandrishotel.gr\/tr\/elinda-restaurant\/"]}]},{"@type":"BreadcrumbList","@id":"https:\/\/www.chioschandrishotel.gr\/tr\/elinda-restaurant\/#breadcrumb","itemListElement":[{"@type":"ListItem","position":1,"name":"Home","item":"https:\/\/www.chioschandrishotel.gr\/tr\/"},{"@type":"ListItem","position":2,"name":"Elinda Restaurant"}]},{"@type":"WebSite","@id":"https:\/\/www.chioschandrishotel.gr\/#website","url":"https:\/\/www.chioschandrishotel.gr\/","name":"Chios Chandris Hotel","description":"City and Vacation Hotel in Chios","potentialAction":[{"@type":"SearchAction","target":{"@type":"EntryPoint","urlTemplate":"https:\/\/www.chioschandrishotel.gr\/?s={search_term_string}"},"query-input":"required name=search_term_string"}],"inLanguage":"tr"}]}},"_links":{"self":[{"href":"https:\/\/www.chioschandrishotel.gr\/tr\/wp-json\/wp\/v2\/pages\/12111","targetHints":{"allow":["GET"]}}],"collection":[{"href":"https:\/\/www.chioschandrishotel.gr\/tr\/wp-json\/wp\/v2\/pages"}],"about":[{"href":"https:\/\/www.chioschandrishotel.gr\/tr\/wp-json\/wp\/v2\/types\/page"}],"author":[{"embeddable":true,"href":"https:\/\/www.chioschandrishotel.gr\/tr\/wp-json\/wp\/v2\/users\/1"}],"replies":[{"embeddable":true,"href":"https:\/\/www.chioschandrishotel.gr\/tr\/wp-json\/wp\/v2\/comments?post=12111"}],"version-history":[{"count":4,"href":"https:\/\/www.chioschandrishotel.gr\/tr\/wp-json\/wp\/v2\/pages\/12111\/revisions"}],"predecessor-version":[{"id":12545,"href":"https:\/\/www.chioschandrishotel.gr\/tr\/wp-json\/wp\/v2\/pages\/12111\/revisions\/12545"}],"wp:attachment":[{"href":"https:\/\/www.chioschandrishotel.gr\/tr\/wp-json\/wp\/v2\/media?parent=12111"}],"curies":[{"name":"wp","href":"https:\/\/api.w.org\/{rel}","templated":true}]}}