{"id":12107,"date":"2017-10-18T08:49:40","date_gmt":"2017-10-18T08:49:40","guid":{"rendered":"https:\/\/www.chioschandrishotel.gr\/contact\/"},"modified":"2025-09-04T14:32:48","modified_gmt":"2025-09-04T12:32:48","slug":"contact","status":"publish","type":"page","link":"https:\/\/www.chioschandrishotel.gr\/tr\/contact\/","title":{"rendered":"\u0130leti\u015fim"},"content":{"rendered":"[vc_row row_type=&#8221;3&#8243; animate=&#8221;&#8221; blox_image=&#8221;11447&#8243; page_title=&#8221;page-title-x&#8221; blox_dark=&#8221;true&#8221; blox_class=&#8221;w-top-se mypadding&#8221; parallax_speed=&#8221;0.4&#8243; row_color=&#8221;rgba(0,0,0,0.3)&#8221;][vc_column 0=&#8221;&#8221;][vc_row_inner el_class=&#8221;mypartitle&#8221;][vc_column_inner 0=&#8221;&#8221;]<h1 class=\"big-title1\">\u0130leti\u015fim<\/h1>[vc_column_text el_class=&#8221;.mylight&#8221;]Her zaman emrinizde![\/vc_column_text][\/vc_column_inner][\/vc_row_inner][\/vc_column][\/vc_row][vc_row animate=&#8221;&#8221; blox_class=&#8221;mypadding nomarbottom bh&#8221;][vc_column offset=&#8221;vc_col-md-offset-1 vc_col-md-10&#8243; el_class=&#8221;mybottompadding&#8221;][vc_custom_heading text=&#8221;\u0130LET\u0130\u015e\u0130M B\u0130LG\u0130LER\u0130&#8221; font_container=&#8221;tag:h2|text_align:center&#8221; google_fonts=&#8221;font_family:Noto%20Serif%3Aregular%2Citalic%2C700%2C700italic|font_style:400%20regular%3A400%3Anormal&#8221; el_class=&#8221;mymaintitle&#8221;][vc_custom_heading text=&#8221;B\u0130Z\u0130MLE \u0130LET\u0130\u015e\u0130ME GE\u00c7MEK \u0130\u00c7\u0130N L\u00dcTFEN A\u015eA\u011eIDAK\u0130 B\u0130LG\u0130LER\u0130 DOLDURUNUZ&#8221; font_container=&#8221;tag:h3|text_align:center&#8221; google_fonts=&#8221;font_family:Open%20Sans%3A300%2C300italic%2Cregular%2Citalic%2C600%2C600italic%2C700%2C700italic%2C800%2C800italic|font_style:400%20regular%3A400%3Anormal&#8221; el_class=&#8221;mysubtitle&#8221;][\/vc_column][vc_column width=&#8221;1\/3&#8243;]<article class=\"icon-box5\" ><i class=\"sl-phone\" style=\" color:#49adbb;\"><\/i><h4 style=\"color:#6f6f6f\">TELEFON<\/h4><p style=\"color:#6f6f6f\">+30 22710 44401<\/p><\/article><article class=\"icon-box5\" ><i class=\"li_news\" style=\" color:#49adbb;\"><\/i><h4 style=\"color:#6f6f6f\">FAX<\/h4><p style=\"color:#6f6f6f\">+30 22710 25768<\/p><\/article><article class=\"icon-box5\" ><i class=\"sl-cursor\" style=\" color:#49adbb;\"><\/i><h4 style=\"color:#6f6f6f\">ADRES<\/h4><p style=\"color:#6f6f6f\">2, Eugenia Chandris str., 82100, Chios<\/p><\/article>[vc_column_text 0=&#8221;&#8221;]<i class=\"li_mail\" style=\"color: #49adbb; margin: 3px 10px 0 0;\"><\/i><span class=\"myemaillink\">EMAIL<\/span><br \/>\n<a href=\"mailto:chios@chandris.gr\">chios@chandris.gr<\/a>[\/vc_column_text][\/vc_column][vc_column width=&#8221;2\/3&#8243;]\n<div class=\"wpcf7 no-js\" id=\"wpcf7-f12205-o1\" lang=\"en-US\" dir=\"ltr\">\n<div class=\"screen-reader-response\"><p role=\"status\" aria-live=\"polite\" aria-atomic=\"true\"><\/p> <ul><\/ul><\/div>\n<form action=\"\/tr\/wp-json\/wp\/v2\/pages\/12107#wpcf7-f12205-o1\" method=\"post\" class=\"wpcf7-form init\" aria-label=\"Contact form\" novalidate=\"novalidate\" data-status=\"init\">\n<div style=\"display: none;\">\n<input type=\"hidden\" name=\"_wpcf7\" value=\"12205\" \/>\n<input type=\"hidden\" name=\"_wpcf7_version\" value=\"5.7.6\" \/>\n<input type=\"hidden\" name=\"_wpcf7_locale\" value=\"en_US\" \/>\n<input type=\"hidden\" name=\"_wpcf7_unit_tag\" value=\"wpcf7-f12205-o1\" \/>\n<input type=\"hidden\" name=\"_wpcf7_container_post\" value=\"0\" \/>\n<input type=\"hidden\" name=\"_wpcf7_posted_data_hash\" value=\"\" \/>\n<\/div>\n<div class=\"hotella-contact\">\n\t<div class=\"row\">\n\t\t<div class=\"col-md-12\">\n\t\t\t<p><label><span class=\"wpcf7-form-control-wrap\" data-name=\"your-name\"><input size=\"40\" class=\"wpcf7-form-control wpcf7-text wpcf7-validates-as-required\" aria-required=\"true\" aria-invalid=\"false\" placeholder=\"Ad\u0131n\u0131z\" value=\"\" type=\"text\" name=\"your-name\" \/><\/span><\/label>\n\t\t\t<\/p>\n\t\t<\/div>\n\t<\/div>\n\t<div class=\"row\">\n\t\t<div class=\"col-md-6\">\n\t\t\t<p><label><span class=\"wpcf7-form-control-wrap\" data-name=\"your-email\"><input size=\"40\" class=\"wpcf7-form-control wpcf7-text wpcf7-email wpcf7-validates-as-required wpcf7-validates-as-email\" aria-required=\"true\" aria-invalid=\"false\" placeholder=\"Email\" value=\"\" type=\"email\" name=\"your-email\" \/><\/span><\/label>\n\t\t\t<\/p>\n\t\t<\/div>\n\t\t<div class=\"col-md-6\">\n\t\t\t<p><label><span class=\"wpcf7-form-control-wrap\" data-name=\"your-subject\"><input size=\"40\" class=\"wpcf7-form-control wpcf7-text\" aria-invalid=\"false\" placeholder=\"Konu\" value=\"\" type=\"text\" name=\"your-subject\" \/><\/span><\/label>\n\t\t\t<\/p>\n\t\t<\/div>\n\t<\/div>\n\t<div class=\"row\">\n\t\t<div class=\"w-contact-txt col-md-12\">\n\t\t\t<p><label><span class=\"wpcf7-form-control-wrap\" data-name=\"your-message\"><textarea cols=\"40\" rows=\"10\" class=\"wpcf7-form-control wpcf7-textarea\" aria-invalid=\"false\" placeholder=\"Mesaj\u0131n\u0131z\" name=\"your-message\"><\/textarea><\/span> <\/label>\n\t\t\t<\/p>\n\t\t<\/div>\n\t<\/div>\n\t<div class=\"row col-md-12\">\n\t\t<div class=\"w-contact-submit\">\n\t\t\t<p><input class=\"wpcf7-form-control has-spinner wpcf7-submit\" type=\"submit\" value=\"MESAJ G\u00d6NDER\" \/>\n\t\t\t<\/p>\n\t\t<\/div>\n\t<\/div>\n<\/div><div class=\"wpcf7-response-output\" aria-hidden=\"true\"><\/div>\n<\/form>\n<\/div>\n[\/vc_column][\/vc_row][vc_row animate=&#8221;&#8221; blox_class=&#8221;myonlybottompadding nomarbottom row-eq-height myindivcont&#8221;][vc_column width=&#8221;1\/3&#8243; el_class=&#8221;eqheight myindiborder sm&#8221;][vc_column_text 0=&#8221;&#8221;]Genel M\u00fcd\u00fcr<br \/>\n<span class=\"myindiname\">Mr. Ioannis Syrakis<br \/>\n<\/span><\/p>\n<ul>\n<li><i class=\"icon fa fa-phone\"><\/i>+ 30 22710 44401<\/li>\n<li><i class=\"icon fa fa-fax\"><\/i>+ 30 22710 25768<\/li>\n<li><a href=\"mailto:syrakis@chandris.gr\">syrakis@chandris.gr<\/a><\/li>\n<\/ul>\n[\/vc_column_text][\/vc_column][vc_column width=&#8221;1\/3&#8243; el_class=&#8221;eqheight myindiborder sm myindipaddl&#8221;][vc_column_text 0=&#8221;&#8221;]Rezervasyon M\u00fcd\u00fcr\u00fc<br \/>\n<span class=\"myindiname\">Mr. Pantelis Simiakakis<\/span><\/p>\n<ul>\n<li><i class=\"icon fa fa-phone\"><\/i>+30 22710 44401<\/li>\n<li><i class=\"icon fa fa-fax\"><\/i>+ 30 22710 25768<\/li>\n<li><i class=\"icon fa fa-envelope-o\"><\/i><a href=\"mailto:chiosrsv@chandris.gr\">chiosrsv@chandris.gr<\/a><\/li>\n<\/ul>\n[\/vc_column_text][\/vc_column][vc_column width=&#8221;1\/3&#8243; el_class=&#8221;nopadding&#8221;][\/vc_column][vc_column width=&#8221;1\/3&#8243; el_class=&#8221;eqheight myindiborder myindipaddl&#8221;][vc_column_text 0=&#8221;&#8221;]Atina Sat\u0131\u015f Ofisi<\/p>\n<ul>\n<li><i class=\"icon fa fa-map-marker\"><\/i>377 Syngrou Av. 175 64, Athens<\/li>\n<li><i class=\"icon fa fa-phone\"><\/i>+30 210 948 4730<\/li>\n<li><i class=\"icon fa fa-fax\"><\/i>+30 210 948 4739<\/li>\n<li><i class=\"icon fa fa-envelope-o\"><\/i><a href=\"mailto:chandris@chandris.gr\">chandris@chandris.gr<\/a><\/li>\n<\/ul>\n[\/vc_column_text][\/vc_column][vc_column width=&#8221;1\/3&#8243; el_class=&#8221;eqheight myindiborder sm&#8221;][vc_column_text 0=&#8221;&#8221;]Sat\u0131\u015f Direkt\u00f6r\u00fc<br \/>\n<span class=\"myindiname\">Mr. Markos Lambiris<\/span><\/p>\n<ul>\n<li><i class=\"icon fa fa-envelope-o\"><\/i><a href=\"mailto:lambiris@chandris.gr\">lambiris@chandris.gr<\/a><\/li>\n<\/ul>\n[\/vc_column_text][\/vc_column][vc_column width=&#8221;1\/3&#8243; el_class=&#8221;eqheight myindipaddl&#8221;][vc_column_text 0=&#8221;&#8221;]Kongre ve Toplant\u0131 Direkt\u00f6r\u00fc<br \/>\n<span class=\"myindiname\">Mrs. Madeleine Madianou<\/span><\/p>\n<ul>\n<li><i class=\"icon fa fa-envelope-o\"><\/i><a href=\"mailto:madianou@chandris.gr\">madianou@chandris.gr<\/a><\/li>\n<\/ul>\n[\/vc_column_text][\/vc_column][\/vc_row]\n","protected":false},"excerpt":{"rendered":"<p>[vc_row row_type=&#8221;3&#8243; animate=&#8221;&#8221; blox_image=&#8221;11447&#8243; page_title=&#8221;page-title-x&#8221; blox_dark=&#8221;true&#8221; blox_class=&#8221;w-top-se mypadding&#8221; parallax_speed=&#8221;0.4&#8243; row_color=&#8221;rgba(0,0,0,0.3)&#8221;][vc_column 0=&#8221;&#8221;][vc_row_inner el_class=&#8221;mypartitle&#8221;][vc_column_inner 0=&#8221;&#8221;][vc_column_text el_class=&#8221;.mylight&#8221;]Her zaman emrinizde![\/vc_column_text][\/vc_column_inner][\/vc_row_inner][\/vc_column][\/vc_row][vc_row animate=&#8221;&#8221; blox_class=&#8221;mypadding nomarbottom bh&#8221;][vc_column offset=&#8221;vc_col-md-offset-1 vc_col-md-10&#8243; el_class=&#8221;mybottompadding&#8221;][vc_custom_heading text=&#8221;\u0130LET\u0130\u015e\u0130M B\u0130LG\u0130LER\u0130&#8221; font_container=&#8221;tag:h2|text_align:center&#8221; google_fonts=&#8221;font_family:Noto%20Serif%3Aregular%2Citalic%2C700%2C700italic|font_style:400%20regular%3A400%3Anormal&#8221; el_class=&#8221;mymaintitle&#8221;][vc_custom_heading text=&#8221;B\u0130Z\u0130MLE \u0130LET\u0130\u015e\u0130ME GE\u00c7MEK \u0130\u00c7\u0130N L\u00dcTFEN A\u015eA\u011eIDAK\u0130 B\u0130LG\u0130LER\u0130 DOLDURUNUZ&#8221; font_container=&#8221;tag:h3|text_align:center&#8221; google_fonts=&#8221;font_family:Open%20Sans%3A300%2C300italic%2Cregular%2Citalic%2C600%2C600italic%2C700%2C700italic%2C800%2C800italic|font_style:400%20regular%3A400%3Anormal&#8221; el_class=&#8221;mysubtitle&#8221;][\/vc_column][vc_column width=&#8221;1\/3&#8243;][vc_column_text 0=&#8221;&#8221;]EMAIL chios@chandris.gr[\/vc_column_text][\/vc_column][vc_column width=&#8221;2\/3&#8243;][\/vc_column][\/vc_row][vc_row animate=&#8221;&#8221; blox_class=&#8221;myonlybottompadding nomarbottom row-eq-height myindivcont&#8221;][vc_column width=&#8221;1\/3&#8243; el_class=&#8221;eqheight myindiborder sm&#8221;][vc_column_text 0=&#8221;&#8221;]Genel M\u00fcd\u00fcr Mr. Ioannis Syrakis + 30 22710 44401 + 30 22710 25768 syrakis@chandris.gr [\/vc_column_text][\/vc_column][vc_column width=&#8221;1\/3&#8243; el_class=&#8221;eqheight myindiborder sm myindipaddl&#8221;][vc_column_text 0=&#8221;&#8221;]Rezervasyon M\u00fcd\u00fcr\u00fc Mr. Pantelis Simiakakis +30 22710 44401 + 30 22710 25768 chiosrsv@chandris.gr [\/vc_column_text][\/vc_column][vc_column width=&#8221;1\/3&#8243; el_class=&#8221;nopadding&#8221;][\/vc_column][vc_column width=&#8221;1\/3&#8243; el_class=&#8221;eqheight myindiborder myindipaddl&#8221;][vc_column_text 0=&#8221;&#8221;]Atina Sat\u0131\u015f Ofisi 377 Syngrou Av. 175 64, Athens +30 210 948 4730 +30 210 948 4739 chandris@chandris.gr [\/vc_column_text][\/vc_column][vc_column width=&#8221;1\/3&#8243; el_class=&#8221;eqheight myindiborder sm&#8221;][vc_column_text 0=&#8221;&#8221;]Sat\u0131\u015f Direkt\u00f6r\u00fc Mr. Markos Lambiris lambiris@chandris.gr [\/vc_column_text][\/vc_column][vc_column width=&#8221;1\/3&#8243; el_class=&#8221;eqheight myindipaddl&#8221;][vc_column_text 0=&#8221;&#8221;]Kongre ve Toplant\u0131 Direkt\u00f6r\u00fc Mrs. Madeleine Madianou madianou@chandris.gr [\/vc_column_text][\/vc_column][\/vc_row]<\/p>\n","protected":false},"author":1,"featured_media":0,"parent":0,"menu_order":0,"comment_status":"closed","ping_status":"closed","template":"","meta":{"footnotes":""},"class_list":["post-12107","page","type-page","status-publish","hentry"],"yoast_head":"<!-- This site is optimized with the Yoast SEO plugin v20.7 - https:\/\/yoast.com\/wordpress\/plugins\/seo\/ -->\n<title>Contact | Chios Chadris Hotel<\/title>\n<meta name=\"description\" content=\"Thank you for your interest in our hotel. Our experienced and friendly staff is ready to serve you and provide whatever you may need.\" \/>\n<meta name=\"robots\" content=\"index, follow, max-snippet:-1, max-image-preview:large, max-video-preview:-1\" \/>\n<link rel=\"canonical\" href=\"https:\/\/www.chioschandrishotel.gr\/tr\/contact\/\" \/>\n<meta property=\"og:locale\" content=\"tr_TR\" \/>\n<meta property=\"og:type\" content=\"article\" \/>\n<meta property=\"og:title\" content=\"Contact | Chios Chadris Hotel\" \/>\n<meta property=\"og:description\" content=\"Thank you for your interest in our hotel. Our experienced and friendly staff is ready to serve you and provide whatever you may need.\" \/>\n<meta property=\"og:url\" content=\"https:\/\/www.chioschandrishotel.gr\/tr\/contact\/\" \/>\n<meta property=\"og:site_name\" content=\"Chios Chandris Hotel\" \/>\n<meta property=\"article:modified_time\" content=\"2025-09-04T12:32:48+00:00\" \/>\n<meta name=\"twitter:card\" content=\"summary_large_image\" \/>\n<meta name=\"twitter:label1\" content=\"Est. reading time\" \/>\n\t<meta name=\"twitter:data1\" content=\"1 dakika\" \/>\n<script type=\"application\/ld+json\" class=\"yoast-schema-graph\">{\"@context\":\"https:\/\/schema.org\",\"@graph\":[{\"@type\":\"WebPage\",\"@id\":\"https:\/\/www.chioschandrishotel.gr\/tr\/contact\/\",\"url\":\"https:\/\/www.chioschandrishotel.gr\/tr\/contact\/\",\"name\":\"Contact | Chios Chadris Hotel\",\"isPartOf\":{\"@id\":\"https:\/\/www.chioschandrishotel.gr\/#website\"},\"datePublished\":\"2017-10-18T08:49:40+00:00\",\"dateModified\":\"2025-09-04T12:32:48+00:00\",\"description\":\"Thank you for your interest in our hotel. Our experienced and friendly staff is ready to serve you and provide whatever you may need.\",\"breadcrumb\":{\"@id\":\"https:\/\/www.chioschandrishotel.gr\/tr\/contact\/#breadcrumb\"},\"inLanguage\":\"tr\",\"potentialAction\":[{\"@type\":\"ReadAction\",\"target\":[\"https:\/\/www.chioschandrishotel.gr\/tr\/contact\/\"]}]},{\"@type\":\"BreadcrumbList\",\"@id\":\"https:\/\/www.chioschandrishotel.gr\/tr\/contact\/#breadcrumb\",\"itemListElement\":[{\"@type\":\"ListItem\",\"position\":1,\"name\":\"Home\",\"item\":\"https:\/\/www.chioschandrishotel.gr\/tr\/\"},{\"@type\":\"ListItem\",\"position\":2,\"name\":\"\u0130leti\u015fim\"}]},{\"@type\":\"WebSite\",\"@id\":\"https:\/\/www.chioschandrishotel.gr\/#website\",\"url\":\"https:\/\/www.chioschandrishotel.gr\/\",\"name\":\"Chios Chandris Hotel\",\"description\":\"City and Vacation Hotel in Chios\",\"potentialAction\":[{\"@type\":\"SearchAction\",\"target\":{\"@type\":\"EntryPoint\",\"urlTemplate\":\"https:\/\/www.chioschandrishotel.gr\/?s={search_term_string}\"},\"query-input\":\"required name=search_term_string\"}],\"inLanguage\":\"tr\"}]}<\/script>\n<!-- \/ Yoast SEO plugin. -->","yoast_head_json":{"title":"Contact | Chios Chadris Hotel","description":"Thank you for your interest in our hotel. Our experienced and friendly staff is ready to serve you and provide whatever you may need.","robots":{"index":"index","follow":"follow","max-snippet":"max-snippet:-1","max-image-preview":"max-image-preview:large","max-video-preview":"max-video-preview:-1"},"canonical":"https:\/\/www.chioschandrishotel.gr\/tr\/contact\/","og_locale":"tr_TR","og_type":"article","og_title":"Contact | Chios Chadris Hotel","og_description":"Thank you for your interest in our hotel. Our experienced and friendly staff is ready to serve you and provide whatever you may need.","og_url":"https:\/\/www.chioschandrishotel.gr\/tr\/contact\/","og_site_name":"Chios Chandris Hotel","article_modified_time":"2025-09-04T12:32:48+00:00","twitter_card":"summary_large_image","twitter_misc":{"Est. reading time":"1 dakika"},"schema":{"@context":"https:\/\/schema.org","@graph":[{"@type":"WebPage","@id":"https:\/\/www.chioschandrishotel.gr\/tr\/contact\/","url":"https:\/\/www.chioschandrishotel.gr\/tr\/contact\/","name":"Contact | Chios Chadris Hotel","isPartOf":{"@id":"https:\/\/www.chioschandrishotel.gr\/#website"},"datePublished":"2017-10-18T08:49:40+00:00","dateModified":"2025-09-04T12:32:48+00:00","description":"Thank you for your interest in our hotel. Our experienced and friendly staff is ready to serve you and provide whatever you may need.","breadcrumb":{"@id":"https:\/\/www.chioschandrishotel.gr\/tr\/contact\/#breadcrumb"},"inLanguage":"tr","potentialAction":[{"@type":"ReadAction","target":["https:\/\/www.chioschandrishotel.gr\/tr\/contact\/"]}]},{"@type":"BreadcrumbList","@id":"https:\/\/www.chioschandrishotel.gr\/tr\/contact\/#breadcrumb","itemListElement":[{"@type":"ListItem","position":1,"name":"Home","item":"https:\/\/www.chioschandrishotel.gr\/tr\/"},{"@type":"ListItem","position":2,"name":"\u0130leti\u015fim"}]},{"@type":"WebSite","@id":"https:\/\/www.chioschandrishotel.gr\/#website","url":"https:\/\/www.chioschandrishotel.gr\/","name":"Chios Chandris Hotel","description":"City and Vacation Hotel in Chios","potentialAction":[{"@type":"SearchAction","target":{"@type":"EntryPoint","urlTemplate":"https:\/\/www.chioschandrishotel.gr\/?s={search_term_string}"},"query-input":"required name=search_term_string"}],"inLanguage":"tr"}]}},"_links":{"self":[{"href":"https:\/\/www.chioschandrishotel.gr\/tr\/wp-json\/wp\/v2\/pages\/12107","targetHints":{"allow":["GET"]}}],"collection":[{"href":"https:\/\/www.chioschandrishotel.gr\/tr\/wp-json\/wp\/v2\/pages"}],"about":[{"href":"https:\/\/www.chioschandrishotel.gr\/tr\/wp-json\/wp\/v2\/types\/page"}],"author":[{"embeddable":true,"href":"https:\/\/www.chioschandrishotel.gr\/tr\/wp-json\/wp\/v2\/users\/1"}],"replies":[{"embeddable":true,"href":"https:\/\/www.chioschandrishotel.gr\/tr\/wp-json\/wp\/v2\/comments?post=12107"}],"version-history":[{"count":4,"href":"https:\/\/www.chioschandrishotel.gr\/tr\/wp-json\/wp\/v2\/pages\/12107\/revisions"}],"predecessor-version":[{"id":12488,"href":"https:\/\/www.chioschandrishotel.gr\/tr\/wp-json\/wp\/v2\/pages\/12107\/revisions\/12488"}],"wp:attachment":[{"href":"https:\/\/www.chioschandrishotel.gr\/tr\/wp-json\/wp\/v2\/media?parent=12107"}],"curies":[{"name":"wp","href":"https:\/\/api.w.org\/{rel}","templated":true}]}}