{"id":12104,"date":"2017-10-18T08:49:24","date_gmt":"2017-10-18T08:49:24","guid":{"rendered":"https:\/\/www.chioschandrishotel.gr\/map\/"},"modified":"2023-05-15T11:22:58","modified_gmt":"2023-05-15T09:22:58","slug":"map","status":"publish","type":"page","link":"https:\/\/www.chioschandrishotel.gr\/tr\/map\/","title":{"rendered":"Map"},"content":{"rendered":"[vc_row row_type=&#8221;1&#8243; animate=&#8221;&#8221; row_id=&#8221;mapintro&#8221;][vc_column el_class=&#8221;eqheight&#8221;]\n\t<div class=\"w-map\">\n\t\t<div id=\"map_69ef7c1f94b8e\" style=\"height:500px;\"><\/div>\n\t<\/div>\n\n\t\n\t<script type=\"text\/javascript\">\n\tjQuery(document).ready(function() {\n\n\t\t\/\/ init google map\n\t\tfunction initMap() {\n\n\t\t\tif ( Math.max(document.documentElement.clientWidth, window.innerWidth || 0) > 767 ) {\n\t\t\t\tvar isDraggable = true;\n\t\t\t} else {\n\t\t\t\tvar isDraggable = false;\n\t\t\t}\n\n\t\t\tvar map = new google.maps.Map(document.getElementById('map_69ef7c1f94b8e'), {\n\t\t\t\tmapTypeControl: true,\n\t\t\t\tzoomControl: true,\n\t\t\t\tscrollwheel: true,\n\t\t\t\tstreetViewControl: true,\n\t\t\t\tscaleControl: true,\n\t\t\t\tzoom: 16,\n\t\t\t\tbackgroundColor: '',\n\t\t\t\tcenter: {lat: 38.3669869, lng: 26.1431649},\n\t\t\t\tdraggable: true,\n\t\t\t\tmapTypeControlOptions: {\n\t\t\t\t\tmapTypeIds: ['roadmap','satellite']\n\t\t\t\t},\n\t\t\t\tstyles: [{\n\t\t\t\t\tstylers: [\n\t\t\t\t\t\t{ hue: '' }\n\t\t\t\t\t]\n\t\t\t\t}]\n\t\t\t});\n\t\t\tsetMarkers(map);\n\t\t}\n\n\t\t\/\/ call init map function\n\t\tinitMap();\n\n\t\tfunction setMarkers(map) {\n\t\t\tvar items = [\n\t\t\t\t['Chios Chandris Hotel',38.3669869,26.1431649,'https:\/\/www.chioschandrishotel.gr\/wp-content\/uploads\/2017\/10\/map-pin.png','<strong>CHIOS CHANDRIS HOTEL<\/strong><br>2nd Eugenia Chandris str., 82100 Chios<br><br><a href=\"https:\/\/maps.google.com\/?saddr=Current+Location&daddr=Hotel+Chandris,+2+Eug.+Chandris+Street+Chios+Greece\" target=\"_blank\">DIRECTIONS<\/a>'],\t\t\t];\n\n\t\t\t\n\t\t\tif ( typeof items != 'undefined' ) {\n\t\t\t\tfor ( var i = 0; i < items.length; i++ ) {\n\t\t\t\t\tvar item = items[i];\n\t\t\t\t\tvar marker = new google.maps.Marker({\n\t\t\t\t\t\tmap: map,\n\t\t\t\t\t\tanimation: google.maps.Animation.DROP,\t\t\t\t\t\tposition: {lat: item[1], lng: item[2]},\n\t\t\t\t\t\ticon: item[3],\n\t\t\t\t\t\ttitle: item[0],\n\t\t\t\t\t\tcontent: item[4],\n\t\t\t\t\t});\n\n\t\t\t\t   \/\/ Allow each marker to have an info window\n\t\t\t\t\tgoogle.maps.event.addListener(marker, 'click', (function (marker, index) {\n\t\t\t\t\t\treturn function () {\n\t\t\t\t\t\t\tif( this.content ) {\n\t\t\t\t\t\t\t\tinfoWindow.setContent(this.content);\n\t\t\t\t\t\t\t\tinfoWindow.open(map, this);\n\t\t\t\t\t\t\t}\n\t\t\t\t\t\t}\n\t\t\t\t\t})(marker, index));\n\n\t\t\t\t\tvar infoWindow = new google.maps.InfoWindow({\n\t\t\t\t\t\tcontent: item[4],\n\t\t\t\t\t\tmaxWidth: 250\n\t\t\t\t\t}), marker, index;\n\n\t\t\t\t\tmarker.addListener('click', function() {\n\t\t\t\t\t\tmap.setZoom(16);\n\t\t\t\t\t\tmap.setCenter(marker.position);\n\t\t\t\t\t});\n\t\t\t\t}\n\t\t\t}\n\t\t}\n\t});\n\t<\/script>\n\n\t[\/vc_column][\/vc_row][vc_row animate=&#8221;&#8221; blox_class=&#8221;mypadding nomarbottom&#8221;][vc_column width=&#8221;1\/3&#8243;][vc_column_text el_class=&#8221;mytitle&#8221;]\n<h1 style=\"text-align: right;\">Sak\u0131z Adas\u0131&#8217;n\u0131 ke\u015ffetmek<br \/>\ni\u00e7in in ideal yer.<\/h1>\n[\/vc_column_text][\/vc_column][vc_column width=&#8221;2\/3&#8243;][vc_column_text]<strong>CHIOS CHANDRIS<\/strong>, adan\u0131n tam merkezinde, Sak\u0131z\u00a0Adas\u0131&#8217;n\u0131n liman\u0131n\u0131 olu\u015fturan do\u011fal koyun en iyi noktas\u0131nda, benzersiz ayr\u0131cal\u0131kl\u0131 bir konumda yer almaktad\u0131r\u00a0.\u00a0Hem tatil hem de i\u015f seyahatinde olanlar, sahil boyunca ve yak\u0131ndaki pazarda keyifli y\u00fcr\u00fcy\u00fc\u015flere \u00e7\u0131karabilir, \u015fehrin m\u00fczelerini ve orta\u00e7a\u011f cazibe merkezlerini ziyaret edebilir\u00a0ve\u00a0oteli\u00a0<strong>aday\u0131<\/strong>\u00a0ke\u015ffetmek\u00a0<strong>i\u00e7in bir \u00fcs olarak kullanabilir.<\/strong><\/p>\n<p>Mis kokulu meyve bah\u00e7eleri ve eski konaklar\u0131 ile\u00a0<strong>Kampos<\/strong>\u00a0b\u00f6lgesine yak\u0131n geziler , g\u00fcneyde \u00fcnl\u00fc ve tarihi Orta \u00c7a\u011f\u00a0Sak\u0131z k\u00f6ylerine \u00a0g\u00fcn\u00fcbirlik ziyaretler ve \u00fcnl\u00fc\u00a0<strong>Bizans Manast\u0131rlar\u0131na<\/strong>\u00a0geziler , CHIOS Chandris&#8217;in ideal konumunun sundu\u011fu se\u00e7eneklerden sadece birka\u00e7\u0131d\u0131r.[\/vc_column_text][\/vc_column][\/vc_row]\n","protected":false},"excerpt":{"rendered":"<p>[vc_row row_type=&#8221;1&#8243; animate=&#8221;&#8221; row_id=&#8221;mapintro&#8221;][vc_column el_class=&#8221;eqheight&#8221;][\/vc_column][\/vc_row][vc_row animate=&#8221;&#8221; blox_class=&#8221;mypadding nomarbottom&#8221;][vc_column width=&#8221;1\/3&#8243;][vc_column_text el_class=&#8221;mytitle&#8221;] Sak\u0131z Adas\u0131&#8217;n\u0131 ke\u015ffetmek i\u00e7in in ideal yer. [\/vc_column_text][\/vc_column][vc_column width=&#8221;2\/3&#8243;][vc_column_text]CHIOS CHANDRIS, adan\u0131n tam merkezinde, Sak\u0131z\u00a0Adas\u0131&#8217;n\u0131n liman\u0131n\u0131 olu\u015fturan do\u011fal koyun en iyi noktas\u0131nda, benzersiz ayr\u0131cal\u0131kl\u0131 bir konumda yer almaktad\u0131r\u00a0.\u00a0Hem tatil hem de i\u015f seyahatinde olanlar, sahil boyunca ve yak\u0131ndaki pazarda keyifli y\u00fcr\u00fcy\u00fc\u015flere \u00e7\u0131karabilir, \u015fehrin m\u00fczelerini ve orta\u00e7a\u011f cazibe merkezlerini ziyaret edebilir\u00a0ve\u00a0oteli\u00a0aday\u0131\u00a0ke\u015ffetmek\u00a0i\u00e7in bir \u00fcs olarak kullanabilir. Mis kokulu meyve bah\u00e7eleri ve eski konaklar\u0131 ile\u00a0Kampos\u00a0b\u00f6lgesine yak\u0131n geziler , g\u00fcneyde \u00fcnl\u00fc ve tarihi Orta \u00c7a\u011f\u00a0Sak\u0131z k\u00f6ylerine \u00a0g\u00fcn\u00fcbirlik ziyaretler ve \u00fcnl\u00fc\u00a0Bizans Manast\u0131rlar\u0131na\u00a0geziler , CHIOS Chandris&#8217;in ideal konumunun sundu\u011fu se\u00e7eneklerden sadece birka\u00e7\u0131d\u0131r.[\/vc_column_text][\/vc_column][\/vc_row]<\/p>\n","protected":false},"author":1,"featured_media":0,"parent":0,"menu_order":0,"comment_status":"closed","ping_status":"closed","template":"","meta":{"footnotes":""},"class_list":["post-12104","page","type-page","status-publish","hentry"],"yoast_head":"<!-- This site is optimized with the Yoast SEO plugin v20.7 - https:\/\/yoast.com\/wordpress\/plugins\/seo\/ -->\n<title>Location | Chios Chadris Hotel<\/title>\n<meta name=\"description\" content=\"CHIOS CHANDRIS is located in a great spot overlooking the harbor of the Chios Town, the island\u2019s charming capital.\" \/>\n<meta name=\"robots\" content=\"index, follow, max-snippet:-1, max-image-preview:large, max-video-preview:-1\" \/>\n<link rel=\"canonical\" href=\"https:\/\/www.chioschandrishotel.gr\/tr\/map\/\" \/>\n<meta property=\"og:locale\" content=\"tr_TR\" \/>\n<meta property=\"og:type\" content=\"article\" \/>\n<meta property=\"og:title\" content=\"Location | Chios Chadris Hotel\" \/>\n<meta property=\"og:description\" content=\"CHIOS CHANDRIS is located in a great spot overlooking the harbor of the Chios Town, the island\u2019s charming capital.\" \/>\n<meta property=\"og:url\" content=\"https:\/\/www.chioschandrishotel.gr\/tr\/map\/\" \/>\n<meta property=\"og:site_name\" content=\"Chios Chandris Hotel\" \/>\n<meta property=\"article:modified_time\" content=\"2023-05-15T09:22:58+00:00\" \/>\n<meta name=\"twitter:card\" content=\"summary_large_image\" \/>\n<meta name=\"twitter:label1\" content=\"Est. reading time\" \/>\n\t<meta name=\"twitter:data1\" content=\"1 dakika\" \/>\n<script type=\"application\/ld+json\" class=\"yoast-schema-graph\">{\"@context\":\"https:\/\/schema.org\",\"@graph\":[{\"@type\":\"WebPage\",\"@id\":\"https:\/\/www.chioschandrishotel.gr\/tr\/map\/\",\"url\":\"https:\/\/www.chioschandrishotel.gr\/tr\/map\/\",\"name\":\"Location | Chios Chadris Hotel\",\"isPartOf\":{\"@id\":\"https:\/\/www.chioschandrishotel.gr\/#website\"},\"datePublished\":\"2017-10-18T08:49:24+00:00\",\"dateModified\":\"2023-05-15T09:22:58+00:00\",\"description\":\"CHIOS CHANDRIS is located in a great spot overlooking the harbor of the Chios Town, the island\u2019s charming capital.\",\"breadcrumb\":{\"@id\":\"https:\/\/www.chioschandrishotel.gr\/tr\/map\/#breadcrumb\"},\"inLanguage\":\"tr\",\"potentialAction\":[{\"@type\":\"ReadAction\",\"target\":[\"https:\/\/www.chioschandrishotel.gr\/tr\/map\/\"]}]},{\"@type\":\"BreadcrumbList\",\"@id\":\"https:\/\/www.chioschandrishotel.gr\/tr\/map\/#breadcrumb\",\"itemListElement\":[{\"@type\":\"ListItem\",\"position\":1,\"name\":\"Home\",\"item\":\"https:\/\/www.chioschandrishotel.gr\/tr\/\"},{\"@type\":\"ListItem\",\"position\":2,\"name\":\"Map\"}]},{\"@type\":\"WebSite\",\"@id\":\"https:\/\/www.chioschandrishotel.gr\/#website\",\"url\":\"https:\/\/www.chioschandrishotel.gr\/\",\"name\":\"Chios Chandris Hotel\",\"description\":\"City and Vacation Hotel in Chios\",\"potentialAction\":[{\"@type\":\"SearchAction\",\"target\":{\"@type\":\"EntryPoint\",\"urlTemplate\":\"https:\/\/www.chioschandrishotel.gr\/?s={search_term_string}\"},\"query-input\":\"required name=search_term_string\"}],\"inLanguage\":\"tr\"}]}<\/script>\n<!-- \/ Yoast SEO plugin. -->","yoast_head_json":{"title":"Location | Chios Chadris Hotel","description":"CHIOS CHANDRIS is located in a great spot overlooking the harbor of the Chios Town, the island\u2019s charming capital.","robots":{"index":"index","follow":"follow","max-snippet":"max-snippet:-1","max-image-preview":"max-image-preview:large","max-video-preview":"max-video-preview:-1"},"canonical":"https:\/\/www.chioschandrishotel.gr\/tr\/map\/","og_locale":"tr_TR","og_type":"article","og_title":"Location | Chios Chadris Hotel","og_description":"CHIOS CHANDRIS is located in a great spot overlooking the harbor of the Chios Town, the island\u2019s charming capital.","og_url":"https:\/\/www.chioschandrishotel.gr\/tr\/map\/","og_site_name":"Chios Chandris Hotel","article_modified_time":"2023-05-15T09:22:58+00:00","twitter_card":"summary_large_image","twitter_misc":{"Est. reading time":"1 dakika"},"schema":{"@context":"https:\/\/schema.org","@graph":[{"@type":"WebPage","@id":"https:\/\/www.chioschandrishotel.gr\/tr\/map\/","url":"https:\/\/www.chioschandrishotel.gr\/tr\/map\/","name":"Location | Chios Chadris Hotel","isPartOf":{"@id":"https:\/\/www.chioschandrishotel.gr\/#website"},"datePublished":"2017-10-18T08:49:24+00:00","dateModified":"2023-05-15T09:22:58+00:00","description":"CHIOS CHANDRIS is located in a great spot overlooking the harbor of the Chios Town, the island\u2019s charming capital.","breadcrumb":{"@id":"https:\/\/www.chioschandrishotel.gr\/tr\/map\/#breadcrumb"},"inLanguage":"tr","potentialAction":[{"@type":"ReadAction","target":["https:\/\/www.chioschandrishotel.gr\/tr\/map\/"]}]},{"@type":"BreadcrumbList","@id":"https:\/\/www.chioschandrishotel.gr\/tr\/map\/#breadcrumb","itemListElement":[{"@type":"ListItem","position":1,"name":"Home","item":"https:\/\/www.chioschandrishotel.gr\/tr\/"},{"@type":"ListItem","position":2,"name":"Map"}]},{"@type":"WebSite","@id":"https:\/\/www.chioschandrishotel.gr\/#website","url":"https:\/\/www.chioschandrishotel.gr\/","name":"Chios Chandris Hotel","description":"City and Vacation Hotel in Chios","potentialAction":[{"@type":"SearchAction","target":{"@type":"EntryPoint","urlTemplate":"https:\/\/www.chioschandrishotel.gr\/?s={search_term_string}"},"query-input":"required name=search_term_string"}],"inLanguage":"tr"}]}},"_links":{"self":[{"href":"https:\/\/www.chioschandrishotel.gr\/tr\/wp-json\/wp\/v2\/pages\/12104","targetHints":{"allow":["GET"]}}],"collection":[{"href":"https:\/\/www.chioschandrishotel.gr\/tr\/wp-json\/wp\/v2\/pages"}],"about":[{"href":"https:\/\/www.chioschandrishotel.gr\/tr\/wp-json\/wp\/v2\/types\/page"}],"author":[{"embeddable":true,"href":"https:\/\/www.chioschandrishotel.gr\/tr\/wp-json\/wp\/v2\/users\/1"}],"replies":[{"embeddable":true,"href":"https:\/\/www.chioschandrishotel.gr\/tr\/wp-json\/wp\/v2\/comments?post=12104"}],"version-history":[{"count":2,"href":"https:\/\/www.chioschandrishotel.gr\/tr\/wp-json\/wp\/v2\/pages\/12104\/revisions"}],"predecessor-version":[{"id":12106,"href":"https:\/\/www.chioschandrishotel.gr\/tr\/wp-json\/wp\/v2\/pages\/12104\/revisions\/12106"}],"wp:attachment":[{"href":"https:\/\/www.chioschandrishotel.gr\/tr\/wp-json\/wp\/v2\/media?parent=12104"}],"curies":[{"name":"wp","href":"https:\/\/api.w.org\/{rel}","templated":true}]}}