{"id":12100,"date":"2017-10-18T08:50:09","date_gmt":"2017-10-18T08:50:09","guid":{"rendered":"https:\/\/www.chioschandrishotel.gr\/offers\/"},"modified":"2025-04-22T14:11:06","modified_gmt":"2025-04-22T12:11:06","slug":"offers","status":"publish","type":"page","link":"https:\/\/www.chioschandrishotel.gr\/tr\/offers\/","title":{"rendered":"Teklifler"},"content":{"rendered":"[vc_row row_type=&#8221;3&#8243; animate=&#8221;&#8221; blox_image=&#8221;12171&#8243; page_title=&#8221;page-title-x&#8221; blox_dark=&#8221;true&#8221; blox_class=&#8221;w-top-se mypadding&#8221; parallax_speed=&#8221;0.4&#8243; row_color=&#8221;rgba(0,0,0,0.3)&#8221;][vc_column][vc_row_inner el_class=&#8221;mypartitle&#8221;][vc_column_inner]<h1 class=\"big-title1\">TEKL\u0130FLER<\/h1>[vc_column_text el_class=&#8221;.mylight&#8221;]\u00d6zel F\u0131rsatlar\u0131m\u0131z.[\/vc_column_text][\/vc_column_inner][\/vc_row_inner][\/vc_column][\/vc_row][vc_row animate=&#8221;&#8221; blox_class=&#8221;mypadding nomarbottom myoffers&#8221;][vc_column offset=&#8221;vc_col-md-offset-1 vc_col-md-10&#8243;][vc_custom_heading text=&#8221;Chios Chandris Hotel\u2019e Ho\u015f Geldiniz!&#8221; font_container=&#8221;tag:h2|text_align:center&#8221; google_fonts=&#8221;font_family:Noto%20Serif%3Aregular%2Citalic%2C700%2C700italic|font_style:400%20regular%3A400%3Anormal&#8221; el_class=&#8221;mymaintitle&#8221;][vc_custom_heading text=&#8221;&#8221; font_container=&#8221;tag:h3|text_align:center&#8221; google_fonts=&#8221;font_family:Open%20Sans%3A300%2C300italic%2Cregular%2Citalic%2C600%2C600italic%2C700%2C700italic%2C800%2C800italic|font_style:400%20regular%3A400%3Anormal&#8221; el_class=&#8221;mysubtitle&#8221;][\/vc_column][vc_column][vc_column_text]        [\/vc_column_text][\/vc_column][\/vc_row]\n","protected":false},"excerpt":{"rendered":"<p>[vc_row row_type=&#8221;3&#8243; animate=&#8221;&#8221; blox_image=&#8221;12171&#8243; page_title=&#8221;page-title-x&#8221; blox_dark=&#8221;true&#8221; blox_class=&#8221;w-top-se mypadding&#8221; parallax_speed=&#8221;0.4&#8243; row_color=&#8221;rgba(0,0,0,0.3)&#8221;][vc_column][vc_row_inner el_class=&#8221;mypartitle&#8221;][vc_column_inner][vc_column_text el_class=&#8221;.mylight&#8221;]\u00d6zel F\u0131rsatlar\u0131m\u0131z.[\/vc_column_text][\/vc_column_inner][\/vc_row_inner][\/vc_column][\/vc_row][vc_row animate=&#8221;&#8221; blox_class=&#8221;mypadding nomarbottom myoffers&#8221;][vc_column offset=&#8221;vc_col-md-offset-1 vc_col-md-10&#8243;][vc_custom_heading text=&#8221;Chios Chandris Hotel\u2019e Ho\u015f Geldiniz!&#8221; font_container=&#8221;tag:h2|text_align:center&#8221; google_fonts=&#8221;font_family:Noto%20Serif%3Aregular%2Citalic%2C700%2C700italic|font_style:400%20regular%3A400%3Anormal&#8221; el_class=&#8221;mymaintitle&#8221;][vc_custom_heading text=&#8221;&#8221; font_container=&#8221;tag:h3|text_align:center&#8221; google_fonts=&#8221;font_family:Open%20Sans%3A300%2C300italic%2Cregular%2Citalic%2C600%2C600italic%2C700%2C700italic%2C800%2C800italic|font_style:400%20regular%3A400%3Anormal&#8221; el_class=&#8221;mysubtitle&#8221;][\/vc_column][vc_column][vc_column_text][\/vc_column_text][\/vc_column][\/vc_row]<\/p>\n","protected":false},"author":1,"featured_media":0,"parent":0,"menu_order":0,"comment_status":"closed","ping_status":"closed","template":"","meta":{"footnotes":""},"class_list":["post-12100","page","type-page","status-publish","hentry"],"yoast_head":"<!-- This site is optimized with the Yoast SEO plugin v20.7 - https:\/\/yoast.com\/wordpress\/plugins\/seo\/ -->\n<title>Offers | Chios Chadris Hotel<\/title>\n<meta name=\"description\" content=\"Enjoy unique privileges and preferential prices with the exquisite tailor-made offers of Chios Chandris Hotel!\" \/>\n<meta name=\"robots\" content=\"index, follow, max-snippet:-1, max-image-preview:large, max-video-preview:-1\" \/>\n<link rel=\"canonical\" href=\"https:\/\/www.chioschandrishotel.gr\/tr\/offers\/\" \/>\n<meta property=\"og:locale\" content=\"tr_TR\" \/>\n<meta property=\"og:type\" content=\"article\" \/>\n<meta property=\"og:title\" content=\"Offers | Chios Chadris Hotel\" \/>\n<meta property=\"og:description\" content=\"Enjoy unique privileges and preferential prices with the exquisite tailor-made offers of Chios Chandris Hotel!\" \/>\n<meta property=\"og:url\" content=\"https:\/\/www.chioschandrishotel.gr\/tr\/offers\/\" \/>\n<meta property=\"og:site_name\" content=\"Chios Chandris Hotel\" \/>\n<meta property=\"article:modified_time\" content=\"2025-04-22T12:11:06+00:00\" \/>\n<meta name=\"twitter:card\" content=\"summary_large_image\" \/>\n<meta name=\"twitter:label1\" content=\"Est. reading time\" \/>\n\t<meta name=\"twitter:data1\" content=\"1 dakika\" \/>\n<script type=\"application\/ld+json\" class=\"yoast-schema-graph\">{\"@context\":\"https:\/\/schema.org\",\"@graph\":[{\"@type\":\"WebPage\",\"@id\":\"https:\/\/www.chioschandrishotel.gr\/tr\/offers\/\",\"url\":\"https:\/\/www.chioschandrishotel.gr\/tr\/offers\/\",\"name\":\"Offers | Chios Chadris Hotel\",\"isPartOf\":{\"@id\":\"https:\/\/www.chioschandrishotel.gr\/#website\"},\"datePublished\":\"2017-10-18T08:50:09+00:00\",\"dateModified\":\"2025-04-22T12:11:06+00:00\",\"description\":\"Enjoy unique privileges and preferential prices with the exquisite tailor-made offers of Chios Chandris Hotel!\",\"breadcrumb\":{\"@id\":\"https:\/\/www.chioschandrishotel.gr\/tr\/offers\/#breadcrumb\"},\"inLanguage\":\"tr\",\"potentialAction\":[{\"@type\":\"ReadAction\",\"target\":[\"https:\/\/www.chioschandrishotel.gr\/tr\/offers\/\"]}]},{\"@type\":\"BreadcrumbList\",\"@id\":\"https:\/\/www.chioschandrishotel.gr\/tr\/offers\/#breadcrumb\",\"itemListElement\":[{\"@type\":\"ListItem\",\"position\":1,\"name\":\"Home\",\"item\":\"https:\/\/www.chioschandrishotel.gr\/tr\/\"},{\"@type\":\"ListItem\",\"position\":2,\"name\":\"Teklifler\"}]},{\"@type\":\"WebSite\",\"@id\":\"https:\/\/www.chioschandrishotel.gr\/#website\",\"url\":\"https:\/\/www.chioschandrishotel.gr\/\",\"name\":\"Chios Chandris Hotel\",\"description\":\"City and Vacation Hotel in Chios\",\"potentialAction\":[{\"@type\":\"SearchAction\",\"target\":{\"@type\":\"EntryPoint\",\"urlTemplate\":\"https:\/\/www.chioschandrishotel.gr\/?s={search_term_string}\"},\"query-input\":\"required name=search_term_string\"}],\"inLanguage\":\"tr\"}]}<\/script>\n<!-- \/ Yoast SEO plugin. -->","yoast_head_json":{"title":"Offers | Chios Chadris Hotel","description":"Enjoy unique privileges and preferential prices with the exquisite tailor-made offers of Chios Chandris Hotel!","robots":{"index":"index","follow":"follow","max-snippet":"max-snippet:-1","max-image-preview":"max-image-preview:large","max-video-preview":"max-video-preview:-1"},"canonical":"https:\/\/www.chioschandrishotel.gr\/tr\/offers\/","og_locale":"tr_TR","og_type":"article","og_title":"Offers | Chios Chadris Hotel","og_description":"Enjoy unique privileges and preferential prices with the exquisite tailor-made offers of Chios Chandris Hotel!","og_url":"https:\/\/www.chioschandrishotel.gr\/tr\/offers\/","og_site_name":"Chios Chandris Hotel","article_modified_time":"2025-04-22T12:11:06+00:00","twitter_card":"summary_large_image","twitter_misc":{"Est. reading time":"1 dakika"},"schema":{"@context":"https:\/\/schema.org","@graph":[{"@type":"WebPage","@id":"https:\/\/www.chioschandrishotel.gr\/tr\/offers\/","url":"https:\/\/www.chioschandrishotel.gr\/tr\/offers\/","name":"Offers | Chios Chadris Hotel","isPartOf":{"@id":"https:\/\/www.chioschandrishotel.gr\/#website"},"datePublished":"2017-10-18T08:50:09+00:00","dateModified":"2025-04-22T12:11:06+00:00","description":"Enjoy unique privileges and preferential prices with the exquisite tailor-made offers of Chios Chandris Hotel!","breadcrumb":{"@id":"https:\/\/www.chioschandrishotel.gr\/tr\/offers\/#breadcrumb"},"inLanguage":"tr","potentialAction":[{"@type":"ReadAction","target":["https:\/\/www.chioschandrishotel.gr\/tr\/offers\/"]}]},{"@type":"BreadcrumbList","@id":"https:\/\/www.chioschandrishotel.gr\/tr\/offers\/#breadcrumb","itemListElement":[{"@type":"ListItem","position":1,"name":"Home","item":"https:\/\/www.chioschandrishotel.gr\/tr\/"},{"@type":"ListItem","position":2,"name":"Teklifler"}]},{"@type":"WebSite","@id":"https:\/\/www.chioschandrishotel.gr\/#website","url":"https:\/\/www.chioschandrishotel.gr\/","name":"Chios Chandris Hotel","description":"City and Vacation Hotel in Chios","potentialAction":[{"@type":"SearchAction","target":{"@type":"EntryPoint","urlTemplate":"https:\/\/www.chioschandrishotel.gr\/?s={search_term_string}"},"query-input":"required name=search_term_string"}],"inLanguage":"tr"}]}},"_links":{"self":[{"href":"https:\/\/www.chioschandrishotel.gr\/tr\/wp-json\/wp\/v2\/pages\/12100","targetHints":{"allow":["GET"]}}],"collection":[{"href":"https:\/\/www.chioschandrishotel.gr\/tr\/wp-json\/wp\/v2\/pages"}],"about":[{"href":"https:\/\/www.chioschandrishotel.gr\/tr\/wp-json\/wp\/v2\/types\/page"}],"author":[{"embeddable":true,"href":"https:\/\/www.chioschandrishotel.gr\/tr\/wp-json\/wp\/v2\/users\/1"}],"replies":[{"embeddable":true,"href":"https:\/\/www.chioschandrishotel.gr\/tr\/wp-json\/wp\/v2\/comments?post=12100"}],"version-history":[{"count":5,"href":"https:\/\/www.chioschandrishotel.gr\/tr\/wp-json\/wp\/v2\/pages\/12100\/revisions"}],"predecessor-version":[{"id":12436,"href":"https:\/\/www.chioschandrishotel.gr\/tr\/wp-json\/wp\/v2\/pages\/12100\/revisions\/12436"}],"wp:attachment":[{"href":"https:\/\/www.chioschandrishotel.gr\/tr\/wp-json\/wp\/v2\/media?parent=12100"}],"curies":[{"name":"wp","href":"https:\/\/api.w.org\/{rel}","templated":true}]}}