{"id":12096,"date":"2017-10-18T08:48:52","date_gmt":"2017-10-18T08:48:52","guid":{"rendered":"https:\/\/www.chioschandrishotel.gr\/dining\/"},"modified":"2023-05-15T16:48:40","modified_gmt":"2023-05-15T14:48:40","slug":"dining","status":"publish","type":"page","link":"https:\/\/www.chioschandrishotel.gr\/tr\/dining\/","title":{"rendered":"Yiyecek"},"content":{"rendered":"[vc_row row_type=&#8221;3&#8243; animate=&#8221;&#8221; blox_image=&#8221;11291&#8243; page_title=&#8221;page-title-x&#8221; blox_dark=&#8221;true&#8221; blox_class=&#8221;w-top-se mypadding&#8221; parallax_speed=&#8221;0.4&#8243; row_color=&#8221;rgba(0,0,0,0.3)&#8221;][vc_column][vc_row_inner el_class=&#8221;mypartitle&#8221;][vc_column_inner]<h1 class=\"big-title1\">Restaurant &amp; Bar<\/h1>[vc_column_text el_class=&#8221;.mylight&#8221;]Yunan ve D\u00fcnya Mutfaklar\u0131.[\/vc_column_text][\/vc_column_inner][\/vc_row_inner][\/vc_column][\/vc_row][vc_row animate=&#8221;&#8221; blox_class=&#8221;mypadding nomarbottom&#8221;][vc_column width=&#8221;5\/12&#8243;][vc_column_text el_class=&#8221;mytitle&#8221;]\n<h2 style=\"text-align: right;\">Keyifli bir<br \/>\ndeneyim<\/h2>\n[\/vc_column_text][\/vc_column][vc_column width=&#8221;7\/12&#8243; el_class=&#8221;myminormt&#8221;][vc_column_text]Konuklar\u0131m\u0131z, zarif ve rahatlat\u0131c\u0131 bir ortamda, \u015feflerimiz taraf\u0131ndan y\u00fcksek kaliteli ve yerel malzemeler kullan\u0131larak haz\u0131rlanan\u00a0bol \u00e7e\u015fitli ve lezzetli\u00a0Yunan\u00a0ve\u00a0d\u00fcnya mutfaklar\u0131n\u0131n tad\u0131n\u0131 \u00e7\u0131karabilirler.\u00a0\u00c7ocuk men\u00fcs\u00fcn\u00fcn yan\u0131 s\u0131ra vejetaryen ve diyabetik yemekler de mevcuttur.\u00a0\u00d6zel bir yemek deneyimi arayanlar i\u00e7in g\u00fcn\u00fcn her saati\u00a0oda servisi\u00a0sunuyoruz.[\/vc_column_text][\/vc_column][\/vc_row][vc_row row_type=&#8221;1&#8243; animate=&#8221;&#8221;][vc_column][vc_row_inner equal_height=&#8221;yes&#8221; content_placement=&#8221;middle&#8221;][vc_column_inner el_class=&#8221;myrestimg&#8221; offset=&#8221;vc_col-lg-6 vc_col-md-6&#8243;][rev_slider_vc alias=&#8221;elinda&#8221;][\/vc_column_inner][vc_column_inner el_class=&#8221;myrestdesc&#8221; offset=&#8221;vc_col-lg-6 vc_col-md-6&#8243;][vc_column_text el_class=&#8221;mytitle&#8221;]\n<h2><span class=\"mycolor\">Elinda<\/span> Restaurant<\/h2>\n[\/vc_column_text][vc_column_text el_class=&#8221;myaccotext&#8221;]Lobi kat\u0131nda yer alan, do\u011fal \u0131\u015f\u0131k alan ve m\u00fckemmel liman manzaras\u0131 sunan Elinda Restaurant, zengin, besleyici ve lezzetli kahvalt\u0131 b\u00fcfesiyle tan\u0131n\u0131r.\u00a0Ak\u015fam oldu\u011funda ise, \u0131\u015f\u0131kland\u0131r\u0131lm\u0131\u015f liman\u0131n muhte\u015fem gece manzaras\u0131 e\u015fli\u011finde cazip alakart ak\u015fam yeme\u011fi men\u00fcm\u00fczden se\u00e7im yapabilirsiniz.<\/p>\n<p class=\"myrestbuttons\"><a class=\"mybtn rooms myrestinfo\" href=\"\/\/www.chioschandrishotel.gr\/tr\/elinda-restaurant\/\">DAHA FAZLA OKU<\/a><\/p>\n[\/vc_column_text][\/vc_column_inner][\/vc_row_inner][\/vc_column][\/vc_row][vc_row row_type=&#8221;1&#8243; animate=&#8221;&#8221;][vc_column][vc_row_inner equal_height=&#8221;yes&#8221; content_placement=&#8221;middle&#8221;][vc_column_inner el_class=&#8221;myrestimg push&#8221; offset=&#8221;vc_col-md-6&#8243;][rev_slider_vc alias=&#8221;regatta&#8221;][\/vc_column_inner][vc_column_inner el_class=&#8221;myrestdesc pull&#8221; offset=&#8221;vc_col-md-6&#8243;][vc_column_text el_class=&#8221;mytitle&#8221;]\n<h2><span class=\"mycolor\">Regatta<\/span> bar<\/h2>\n[\/vc_column_text][vc_column_text el_class=&#8221;myaccotext&#8221;]Lobinin \u00f6zel bir k\u00f6\u015fesinde yer alan \u015f\u0131k Regatta Bar, g\u00fcn boyunca taze demlenmi\u015f kahve, \u00e7ay, tatl\u0131 ve tuzlu at\u0131\u015ft\u0131rmal\u0131klar, biralar ve serinletici i\u00e7ecekler sunmaktad\u0131r.<\/p>\n<p>Havuzba\u015f\u0131 Kafe (mevsimlik)<br \/>\nYaz aylar\u0131nda, liman ve deniz manzaral\u0131 b\u00fcy\u00fck havuzun yan\u0131ndaki a\u00e7\u0131k hava kafede i\u00e7kinizin veya kokteylinizin yan\u0131 s\u0131ra hafif bir yeme\u011fin tad\u0131n\u0131 \u00e7\u0131karabilirsiniz.<\/p>\n<p class=\"myrestbuttons\"><a class=\"mybtn rooms myrestinfo\" href=\"\/\/www.chioschandrishotel.gr\/tr\/regatta-bar\/\">DAHA FAZLA OKU<br \/>\n<\/a><\/p>\n[\/vc_column_text][\/vc_column_inner][\/vc_row_inner][\/vc_column][\/vc_row][vc_row row_type=&#8221;1&#8243; animate=&#8221;&#8221;][vc_column][vc_row_inner equal_height=&#8221;yes&#8221; content_placement=&#8221;middle&#8221;][vc_column_inner el_class=&#8221;myrestimg&#8221; offset=&#8221;vc_col-lg-6 vc_col-md-6&#8243;][rev_slider_vc alias=&#8221;inroomdining&#8221;][\/vc_column_inner][vc_column_inner el_class=&#8221;myrestdesc&#8221; offset=&#8221;vc_col-lg-6 vc_col-md-6&#8243;][vc_column_text el_class=&#8221;mytitle&#8221;]\n<h2>Odada Yemek<\/h2>\n[\/vc_column_text][vc_column_text el_class=&#8221;myaccotext&#8221;]Odan\u0131z\u0131n konforunda harika bir yemek i\u00e7in gece g\u00fcnd\u00fcz oda servisi mevcuttur.<\/p>\n<p class=\"myrestbuttons\"><a class=\"mybtn rooms myrestinfo\" href=\"\/\/www.chioschandrishotel.gr\/tr\/in-room-dining\/\">DAHA FAZLA OKU<br \/>\n<\/a><\/p>\n[\/vc_column_text][\/vc_column_inner][\/vc_row_inner][\/vc_column][\/vc_row]\n","protected":false},"excerpt":{"rendered":"<p>[vc_row row_type=&#8221;3&#8243; animate=&#8221;&#8221; blox_image=&#8221;11291&#8243; page_title=&#8221;page-title-x&#8221; blox_dark=&#8221;true&#8221; blox_class=&#8221;w-top-se mypadding&#8221; parallax_speed=&#8221;0.4&#8243; row_color=&#8221;rgba(0,0,0,0.3)&#8221;][vc_column][vc_row_inner el_class=&#8221;mypartitle&#8221;][vc_column_inner][vc_column_text el_class=&#8221;.mylight&#8221;]Yunan ve D\u00fcnya Mutfaklar\u0131.[\/vc_column_text][\/vc_column_inner][\/vc_row_inner][\/vc_column][\/vc_row][vc_row animate=&#8221;&#8221; blox_class=&#8221;mypadding nomarbottom&#8221;][vc_column width=&#8221;5\/12&#8243;][vc_column_text el_class=&#8221;mytitle&#8221;] Keyifli bir deneyim [\/vc_column_text][\/vc_column][vc_column width=&#8221;7\/12&#8243; el_class=&#8221;myminormt&#8221;][vc_column_text]Konuklar\u0131m\u0131z, zarif ve rahatlat\u0131c\u0131 bir ortamda, \u015feflerimiz taraf\u0131ndan y\u00fcksek kaliteli ve yerel malzemeler kullan\u0131larak haz\u0131rlanan\u00a0bol \u00e7e\u015fitli ve lezzetli\u00a0Yunan\u00a0ve\u00a0d\u00fcnya mutfaklar\u0131n\u0131n tad\u0131n\u0131 \u00e7\u0131karabilirler.\u00a0\u00c7ocuk men\u00fcs\u00fcn\u00fcn yan\u0131 s\u0131ra vejetaryen ve diyabetik yemekler de mevcuttur.\u00a0\u00d6zel bir yemek deneyimi arayanlar i\u00e7in g\u00fcn\u00fcn her saati\u00a0oda servisi\u00a0sunuyoruz.[\/vc_column_text][\/vc_column][\/vc_row][vc_row row_type=&#8221;1&#8243; animate=&#8221;&#8221;][vc_column][vc_row_inner equal_height=&#8221;yes&#8221; content_placement=&#8221;middle&#8221;][vc_column_inner el_class=&#8221;myrestimg&#8221; offset=&#8221;vc_col-lg-6 vc_col-md-6&#8243;][rev_slider_vc alias=&#8221;elinda&#8221;][\/vc_column_inner][vc_column_inner el_class=&#8221;myrestdesc&#8221; offset=&#8221;vc_col-lg-6 vc_col-md-6&#8243;][vc_column_text el_class=&#8221;mytitle&#8221;] Elinda Restaurant [\/vc_column_text][vc_column_text el_class=&#8221;myaccotext&#8221;]Lobi kat\u0131nda yer alan, do\u011fal \u0131\u015f\u0131k alan ve m\u00fckemmel liman manzaras\u0131 sunan Elinda Restaurant, zengin, besleyici ve lezzetli kahvalt\u0131 b\u00fcfesiyle tan\u0131n\u0131r.\u00a0Ak\u015fam oldu\u011funda ise, \u0131\u015f\u0131kland\u0131r\u0131lm\u0131\u015f liman\u0131n muhte\u015fem gece manzaras\u0131 e\u015fli\u011finde cazip alakart ak\u015fam yeme\u011fi men\u00fcm\u00fczden se\u00e7im yapabilirsiniz. DAHA FAZLA OKU [\/vc_column_text][\/vc_column_inner][\/vc_row_inner][\/vc_column][\/vc_row][vc_row row_type=&#8221;1&#8243; animate=&#8221;&#8221;][vc_column][vc_row_inner equal_height=&#8221;yes&#8221; content_placement=&#8221;middle&#8221;][vc_column_inner el_class=&#8221;myrestimg push&#8221; offset=&#8221;vc_col-md-6&#8243;][rev_slider_vc alias=&#8221;regatta&#8221;][\/vc_column_inner][vc_column_inner el_class=&#8221;myrestdesc pull&#8221; offset=&#8221;vc_col-md-6&#8243;][vc_column_text el_class=&#8221;mytitle&#8221;] Regatta bar [\/vc_column_text][vc_column_text el_class=&#8221;myaccotext&#8221;]Lobinin \u00f6zel bir k\u00f6\u015fesinde yer alan \u015f\u0131k Regatta Bar, g\u00fcn boyunca taze demlenmi\u015f kahve, \u00e7ay, tatl\u0131 ve tuzlu at\u0131\u015ft\u0131rmal\u0131klar, biralar ve serinletici i\u00e7ecekler sunmaktad\u0131r. Havuzba\u015f\u0131 Kafe (mevsimlik) Yaz aylar\u0131nda, liman ve deniz manzaral\u0131 b\u00fcy\u00fck havuzun yan\u0131ndaki a\u00e7\u0131k hava kafede i\u00e7kinizin veya kokteylinizin yan\u0131 s\u0131ra hafif bir yeme\u011fin tad\u0131n\u0131 \u00e7\u0131karabilirsiniz. DAHA FAZLA OKU [\/vc_column_text][\/vc_column_inner][\/vc_row_inner][\/vc_column][\/vc_row][vc_row row_type=&#8221;1&#8243; animate=&#8221;&#8221;][vc_column][vc_row_inner equal_height=&#8221;yes&#8221; content_placement=&#8221;middle&#8221;][vc_column_inner el_class=&#8221;myrestimg&#8221; offset=&#8221;vc_col-lg-6 vc_col-md-6&#8243;][rev_slider_vc alias=&#8221;inroomdining&#8221;][\/vc_column_inner][vc_column_inner el_class=&#8221;myrestdesc&#8221; offset=&#8221;vc_col-lg-6 vc_col-md-6&#8243;][vc_column_text el_class=&#8221;mytitle&#8221;] Odada Yemek [\/vc_column_text][vc_column_text el_class=&#8221;myaccotext&#8221;]Odan\u0131z\u0131n konforunda harika bir yemek i\u00e7in gece g\u00fcnd\u00fcz oda servisi mevcuttur. DAHA FAZLA OKU [\/vc_column_text][\/vc_column_inner][\/vc_row_inner][\/vc_column][\/vc_row]<\/p>\n","protected":false},"author":1,"featured_media":0,"parent":0,"menu_order":0,"comment_status":"closed","ping_status":"closed","template":"","meta":{"footnotes":""},"class_list":["post-12096","page","type-page","status-publish","hentry"],"yoast_head":"<!-- This site is optimized with the Yoast SEO plugin v20.7 - https:\/\/yoast.com\/wordpress\/plugins\/seo\/ -->\n<title>Dining | Chios Chadris Hotel<\/title>\n<meta name=\"description\" content=\"In a relaxed ambience of comfortable elegance, guests can enjoy a diverse and delicious selection of Greek and International cuisine.\" \/>\n<meta name=\"robots\" content=\"index, follow, max-snippet:-1, max-image-preview:large, max-video-preview:-1\" \/>\n<link rel=\"canonical\" href=\"https:\/\/www.chioschandrishotel.gr\/tr\/dining\/\" \/>\n<meta property=\"og:locale\" content=\"tr_TR\" \/>\n<meta property=\"og:type\" content=\"article\" \/>\n<meta property=\"og:title\" content=\"Dining | Chios Chadris Hotel\" \/>\n<meta property=\"og:description\" content=\"In a relaxed ambience of comfortable elegance, guests can enjoy a diverse and delicious selection of Greek and International cuisine.\" \/>\n<meta property=\"og:url\" content=\"https:\/\/www.chioschandrishotel.gr\/tr\/dining\/\" \/>\n<meta property=\"og:site_name\" content=\"Chios Chandris Hotel\" \/>\n<meta property=\"article:modified_time\" content=\"2023-05-15T14:48:40+00:00\" \/>\n<meta name=\"twitter:card\" content=\"summary_large_image\" \/>\n<meta name=\"twitter:label1\" content=\"Est. reading time\" \/>\n\t<meta name=\"twitter:data1\" content=\"3 dakika\" \/>\n<script type=\"application\/ld+json\" class=\"yoast-schema-graph\">{\"@context\":\"https:\/\/schema.org\",\"@graph\":[{\"@type\":\"WebPage\",\"@id\":\"https:\/\/www.chioschandrishotel.gr\/tr\/dining\/\",\"url\":\"https:\/\/www.chioschandrishotel.gr\/tr\/dining\/\",\"name\":\"Dining | Chios Chadris Hotel\",\"isPartOf\":{\"@id\":\"https:\/\/www.chioschandrishotel.gr\/#website\"},\"datePublished\":\"2017-10-18T08:48:52+00:00\",\"dateModified\":\"2023-05-15T14:48:40+00:00\",\"description\":\"In a relaxed ambience of comfortable elegance, guests can enjoy a diverse and delicious selection of Greek and International cuisine.\",\"breadcrumb\":{\"@id\":\"https:\/\/www.chioschandrishotel.gr\/tr\/dining\/#breadcrumb\"},\"inLanguage\":\"tr\",\"potentialAction\":[{\"@type\":\"ReadAction\",\"target\":[\"https:\/\/www.chioschandrishotel.gr\/tr\/dining\/\"]}]},{\"@type\":\"BreadcrumbList\",\"@id\":\"https:\/\/www.chioschandrishotel.gr\/tr\/dining\/#breadcrumb\",\"itemListElement\":[{\"@type\":\"ListItem\",\"position\":1,\"name\":\"Home\",\"item\":\"https:\/\/www.chioschandrishotel.gr\/tr\/\"},{\"@type\":\"ListItem\",\"position\":2,\"name\":\"Yiyecek\"}]},{\"@type\":\"WebSite\",\"@id\":\"https:\/\/www.chioschandrishotel.gr\/#website\",\"url\":\"https:\/\/www.chioschandrishotel.gr\/\",\"name\":\"Chios Chandris Hotel\",\"description\":\"City and Vacation Hotel in Chios\",\"potentialAction\":[{\"@type\":\"SearchAction\",\"target\":{\"@type\":\"EntryPoint\",\"urlTemplate\":\"https:\/\/www.chioschandrishotel.gr\/?s={search_term_string}\"},\"query-input\":\"required name=search_term_string\"}],\"inLanguage\":\"tr\"}]}<\/script>\n<!-- \/ Yoast SEO plugin. -->","yoast_head_json":{"title":"Dining | Chios Chadris Hotel","description":"In a relaxed ambience of comfortable elegance, guests can enjoy a diverse and delicious selection of Greek and International cuisine.","robots":{"index":"index","follow":"follow","max-snippet":"max-snippet:-1","max-image-preview":"max-image-preview:large","max-video-preview":"max-video-preview:-1"},"canonical":"https:\/\/www.chioschandrishotel.gr\/tr\/dining\/","og_locale":"tr_TR","og_type":"article","og_title":"Dining | Chios Chadris Hotel","og_description":"In a relaxed ambience of comfortable elegance, guests can enjoy a diverse and delicious selection of Greek and International cuisine.","og_url":"https:\/\/www.chioschandrishotel.gr\/tr\/dining\/","og_site_name":"Chios Chandris Hotel","article_modified_time":"2023-05-15T14:48:40+00:00","twitter_card":"summary_large_image","twitter_misc":{"Est. reading time":"3 dakika"},"schema":{"@context":"https:\/\/schema.org","@graph":[{"@type":"WebPage","@id":"https:\/\/www.chioschandrishotel.gr\/tr\/dining\/","url":"https:\/\/www.chioschandrishotel.gr\/tr\/dining\/","name":"Dining | Chios Chadris Hotel","isPartOf":{"@id":"https:\/\/www.chioschandrishotel.gr\/#website"},"datePublished":"2017-10-18T08:48:52+00:00","dateModified":"2023-05-15T14:48:40+00:00","description":"In a relaxed ambience of comfortable elegance, guests can enjoy a diverse and delicious selection of Greek and International cuisine.","breadcrumb":{"@id":"https:\/\/www.chioschandrishotel.gr\/tr\/dining\/#breadcrumb"},"inLanguage":"tr","potentialAction":[{"@type":"ReadAction","target":["https:\/\/www.chioschandrishotel.gr\/tr\/dining\/"]}]},{"@type":"BreadcrumbList","@id":"https:\/\/www.chioschandrishotel.gr\/tr\/dining\/#breadcrumb","itemListElement":[{"@type":"ListItem","position":1,"name":"Home","item":"https:\/\/www.chioschandrishotel.gr\/tr\/"},{"@type":"ListItem","position":2,"name":"Yiyecek"}]},{"@type":"WebSite","@id":"https:\/\/www.chioschandrishotel.gr\/#website","url":"https:\/\/www.chioschandrishotel.gr\/","name":"Chios Chandris Hotel","description":"City and Vacation Hotel in Chios","potentialAction":[{"@type":"SearchAction","target":{"@type":"EntryPoint","urlTemplate":"https:\/\/www.chioschandrishotel.gr\/?s={search_term_string}"},"query-input":"required name=search_term_string"}],"inLanguage":"tr"}]}},"_links":{"self":[{"href":"https:\/\/www.chioschandrishotel.gr\/tr\/wp-json\/wp\/v2\/pages\/12096","targetHints":{"allow":["GET"]}}],"collection":[{"href":"https:\/\/www.chioschandrishotel.gr\/tr\/wp-json\/wp\/v2\/pages"}],"about":[{"href":"https:\/\/www.chioschandrishotel.gr\/tr\/wp-json\/wp\/v2\/types\/page"}],"author":[{"embeddable":true,"href":"https:\/\/www.chioschandrishotel.gr\/tr\/wp-json\/wp\/v2\/users\/1"}],"replies":[{"embeddable":true,"href":"https:\/\/www.chioschandrishotel.gr\/tr\/wp-json\/wp\/v2\/comments?post=12096"}],"version-history":[{"count":3,"href":"https:\/\/www.chioschandrishotel.gr\/tr\/wp-json\/wp\/v2\/pages\/12096\/revisions"}],"predecessor-version":[{"id":12209,"href":"https:\/\/www.chioschandrishotel.gr\/tr\/wp-json\/wp\/v2\/pages\/12096\/revisions\/12209"}],"wp:attachment":[{"href":"https:\/\/www.chioschandrishotel.gr\/tr\/wp-json\/wp\/v2\/media?parent=12096"}],"curies":[{"name":"wp","href":"https:\/\/api.w.org\/{rel}","templated":true}]}}