{"id":12087,"date":"2017-10-18T08:48:24","date_gmt":"2017-10-18T08:48:24","guid":{"rendered":"https:\/\/www.chioschandrishotel.gr\/weddings\/"},"modified":"2023-05-15T16:05:01","modified_gmt":"2023-05-15T14:05:01","slug":"weddings","status":"publish","type":"page","link":"https:\/\/www.chioschandrishotel.gr\/tr\/weddings\/","title":{"rendered":"D\u00fc\u011f\u00fcnler"},"content":{"rendered":"[vc_row row_type=&#8221;3&#8243; animate=&#8221;&#8221; blox_image=&#8221;11275&#8243; page_title=&#8221;page-title-x&#8221; blox_dark=&#8221;true&#8221; blox_class=&#8221;w-top-se mypadding&#8221; parallax_speed=&#8221;0.4&#8243; row_color=&#8221;rgba(0,0,0,0.3)&#8221;][vc_column offset=&#8221;vc_hidden-sm&#8221;][vc_row_inner el_class=&#8221;mypartitle&#8221;][vc_column_inner 0=&#8221;&#8221;]<h1 class=\"big-title1\">D\u00dc\u011e\u00dcN &amp; SOSYAL ETK\u0130NL\u0130KLER<\/h1>[vc_column_text el_class=&#8221;.mylight&#8221;]Unutulmaz d\u00fc\u011f\u00fcnler ve ziyafetler.[\/vc_column_text][\/vc_column_inner][\/vc_row_inner][\/vc_column][\/vc_row][vc_row animate=&#8221;&#8221; blox_class=&#8221;mypadding nomarbottom&#8221;][vc_column width=&#8221;1\/3&#8243;][vc_column_text el_class=&#8221;mytitle&#8221;]\n<h2 style=\"text-align: right;\">Chios\u00a0<span class=\"mycolor\">Chandris\u00a0<\/span>Oteldeki<br \/>\nD\u00fc\u011f\u00fcn G\u00fcn\u00fcn\u00fcz.<\/h2>\n[\/vc_column_text][\/vc_column][vc_column width=&#8221;2\/3&#8243; el_class=&#8221;myminormt&#8221;][vc_column_text 0=&#8221;&#8221;]Chios Chandris, unutulmaz\u00a0<strong>d\u00fc\u011f\u00fcn resepsiyonlar\u0131<\/strong>\u00a0ve g\u00f6rkemli\u00a0<strong>gala etkinliklerinin<\/strong>\u00a0d\u00fczenlenmesi konusunda uzun ve se\u00e7kin bir deneyime sahiptir.<\/p>\n<p><strong>Muhte\u015fem deniz ve liman manzaras\u0131 sunan ziyafet alan\u0131m\u0131z 280 ki\u015fiye<\/strong>\u00a0kadar a\u011f\u0131rlayabilirken\u00a0,\u00a01<strong>20 ki\u015filik havuz teras\u0131m\u0131z<\/strong>\u00a0hava izin verdi\u011fi s\u00fcrece deniz kenar\u0131nda ve y\u0131ld\u0131zlar\u0131n alt\u0131nda unutulmaz etkinlikler d\u00fczenlemek i\u00e7in m\u00fckemmel bir ortamd\u0131r!<\/p>\n<p>G\u00fcler y\u00fczl\u00fc ve deneyimli kadromuz, her damak zevkine ve b\u00fct\u00e7eye uygun \u00f6zg\u00fcn fikirler, yarat\u0131c\u0131 \u00e7\u00f6z\u00fcmler ve zengin men\u00fcler ile her zaman yan\u0131n\u0131zda.<\/p>\n<p>Chios Chandris , adan\u0131n herhangi bir yerinde 800 ki\u015fiye kadar misafir a\u011f\u0131rlayabilen tesis d\u0131\u015f\u0131\u00a0<strong>yemek hizmetleriyle<\/strong>\u00a0de \u00fcnl\u00fcd\u00fcr .[\/vc_column_text][\/vc_column][\/vc_row][vc_row row_type=&#8221;1&#8243; animate=&#8221;&#8221; blox_class=&#8221;myweddingslide&#8221;][vc_column 0=&#8221;&#8221;][vc_row_inner el_class=&#8221;row-eq-height&#8221;][vc_column_inner el_class=&#8221;eqheight vcenter myrestimg&#8221; width=&#8221;1\/2&#8243;][rev_slider_vc alias=&#8221;weddings&#8221;][\/vc_column_inner][vc_column_inner el_class=&#8221;eqheight vcenter myconfcontent&#8221; width=&#8221;1\/2&#8243;][vc_column_text el_class=&#8221;mywedconttitle&#8221;]\n<h3 style=\"text-align: center;\">Hayallerinizdeki d\u00fc\u011f\u00fcn\u00fcn\u00fcz organize etmek i\u00e7in bug\u00fcn bizimle \u0130leti\u015fime ge\u00e7in<\/h3>\n[\/vc_column_text]\n<div class=\"wpcf7 no-js\" id=\"wpcf7-f12203-o1\" lang=\"en-US\" dir=\"ltr\">\n<div class=\"screen-reader-response\"><p role=\"status\" aria-live=\"polite\" aria-atomic=\"true\"><\/p> <ul><\/ul><\/div>\n<form action=\"\/tr\/wp-json\/wp\/v2\/pages\/12087#wpcf7-f12203-o1\" method=\"post\" class=\"wpcf7-form init\" aria-label=\"Contact form\" novalidate=\"novalidate\" data-status=\"init\">\n<div style=\"display: none;\">\n<input type=\"hidden\" name=\"_wpcf7\" value=\"12203\" \/>\n<input type=\"hidden\" name=\"_wpcf7_version\" value=\"5.7.6\" \/>\n<input type=\"hidden\" name=\"_wpcf7_locale\" value=\"en_US\" \/>\n<input type=\"hidden\" name=\"_wpcf7_unit_tag\" value=\"wpcf7-f12203-o1\" \/>\n<input type=\"hidden\" name=\"_wpcf7_container_post\" value=\"0\" \/>\n<input type=\"hidden\" name=\"_wpcf7_posted_data_hash\" value=\"\" \/>\n<\/div>\n<div class=\"myconform\">\n\t<div class=\"row\">\n\t\t<div class=\"col-md-6\">\n\t\t\t<p><label><span class=\"wpcf7-form-control-wrap\" data-name=\"your-name\"><input size=\"40\" class=\"wpcf7-form-control wpcf7-text wpcf7-validates-as-required\" aria-required=\"true\" aria-invalid=\"false\" placeholder=\"Ad\u0131n\u0131z\" value=\"\" type=\"text\" name=\"your-name\" \/><\/span><\/label>\n\t\t\t<\/p>\n\t\t<\/div>\n\t\t<div class=\"col-md-6\">\n\t\t\t<p><label><span class=\"wpcf7-form-control-wrap\" data-name=\"your-email\"><input size=\"40\" class=\"wpcf7-form-control wpcf7-text wpcf7-email wpcf7-validates-as-required wpcf7-validates-as-email\" aria-required=\"true\" aria-invalid=\"false\" placeholder=\"Email\" value=\"\" type=\"email\" name=\"your-email\" \/><\/span><\/label>\n\t\t\t<\/p>\n\t\t<\/div>\n\t<\/div>\n\t<div class=\"row\">\n\t\t<div class=\"col-md-12\">\n\t\t\t<p><label><span class=\"wpcf7-form-control-wrap\" data-name=\"your-subject\"><input size=\"40\" class=\"wpcf7-form-control wpcf7-text\" aria-invalid=\"false\" placeholder=\"Konu\" value=\"\" type=\"text\" name=\"your-subject\" \/><\/span><\/label>\n\t\t\t<\/p>\n\t\t<\/div>\n\t<\/div>\n\t<div class=\"row\">\n\t\t<div class=\"w-contact-txt col-md-12\">\n\t\t\t<p><label><span class=\"wpcf7-form-control-wrap\" data-name=\"your-message\"><textarea cols=\"40\" rows=\"10\" class=\"wpcf7-form-control wpcf7-textarea\" aria-invalid=\"false\" placeholder=\"Mesaj\u0131n\u0131z\" name=\"your-message\"><\/textarea><\/span> <\/label>\n\t\t\t<\/p>\n\t\t<\/div>\n\t<\/div>\n\t<div class=\"row\">\n\t\t<div class=\"w-contact-submit\">\n\t\t\t<p><input class=\"wpcf7-form-control has-spinner wpcf7-submit\" type=\"submit\" value=\"MESAJ G\u00d6NDER\" \/>\n\t\t\t<\/p>\n\t\t<\/div>\n\t<\/div>\n<\/div><div class=\"wpcf7-response-output\" aria-hidden=\"true\"><\/div>\n<\/form>\n<\/div>\n[\/vc_column_inner][\/vc_row_inner][\/vc_column][\/vc_row]\n","protected":false},"excerpt":{"rendered":"<p>[vc_row row_type=&#8221;3&#8243; animate=&#8221;&#8221; blox_image=&#8221;11275&#8243; page_title=&#8221;page-title-x&#8221; blox_dark=&#8221;true&#8221; blox_class=&#8221;w-top-se mypadding&#8221; parallax_speed=&#8221;0.4&#8243; row_color=&#8221;rgba(0,0,0,0.3)&#8221;][vc_column offset=&#8221;vc_hidden-sm&#8221;][vc_row_inner el_class=&#8221;mypartitle&#8221;][vc_column_inner 0=&#8221;&#8221;][vc_column_text el_class=&#8221;.mylight&#8221;]Unutulmaz d\u00fc\u011f\u00fcnler ve ziyafetler.[\/vc_column_text][\/vc_column_inner][\/vc_row_inner][\/vc_column][\/vc_row][vc_row animate=&#8221;&#8221; blox_class=&#8221;mypadding nomarbottom&#8221;][vc_column width=&#8221;1\/3&#8243;][vc_column_text el_class=&#8221;mytitle&#8221;] Chios\u00a0Chandris\u00a0Oteldeki D\u00fc\u011f\u00fcn G\u00fcn\u00fcn\u00fcz. [\/vc_column_text][\/vc_column][vc_column width=&#8221;2\/3&#8243; el_class=&#8221;myminormt&#8221;][vc_column_text 0=&#8221;&#8221;]Chios Chandris, unutulmaz\u00a0d\u00fc\u011f\u00fcn resepsiyonlar\u0131\u00a0ve g\u00f6rkemli\u00a0gala etkinliklerinin\u00a0d\u00fczenlenmesi konusunda uzun ve se\u00e7kin bir deneyime sahiptir. Muhte\u015fem deniz ve liman manzaras\u0131 sunan ziyafet alan\u0131m\u0131z 280 ki\u015fiye\u00a0kadar a\u011f\u0131rlayabilirken\u00a0,\u00a0120 ki\u015filik havuz teras\u0131m\u0131z\u00a0hava izin verdi\u011fi s\u00fcrece deniz kenar\u0131nda ve y\u0131ld\u0131zlar\u0131n alt\u0131nda unutulmaz etkinlikler d\u00fczenlemek i\u00e7in m\u00fckemmel bir ortamd\u0131r! G\u00fcler y\u00fczl\u00fc ve deneyimli kadromuz, her damak zevkine ve b\u00fct\u00e7eye uygun \u00f6zg\u00fcn fikirler, yarat\u0131c\u0131 \u00e7\u00f6z\u00fcmler ve zengin men\u00fcler ile her zaman yan\u0131n\u0131zda. Chios Chandris , adan\u0131n herhangi bir yerinde 800 ki\u015fiye kadar misafir a\u011f\u0131rlayabilen tesis d\u0131\u015f\u0131\u00a0yemek hizmetleriyle\u00a0de \u00fcnl\u00fcd\u00fcr .[\/vc_column_text][\/vc_column][\/vc_row][vc_row row_type=&#8221;1&#8243; animate=&#8221;&#8221; blox_class=&#8221;myweddingslide&#8221;][vc_column 0=&#8221;&#8221;][vc_row_inner el_class=&#8221;row-eq-height&#8221;][vc_column_inner el_class=&#8221;eqheight vcenter myrestimg&#8221; width=&#8221;1\/2&#8243;][rev_slider_vc alias=&#8221;weddings&#8221;][\/vc_column_inner][vc_column_inner el_class=&#8221;eqheight vcenter myconfcontent&#8221; width=&#8221;1\/2&#8243;][vc_column_text el_class=&#8221;mywedconttitle&#8221;] Hayallerinizdeki d\u00fc\u011f\u00fcn\u00fcn\u00fcz organize etmek i\u00e7in bug\u00fcn bizimle \u0130leti\u015fime ge\u00e7in [\/vc_column_text][\/vc_column_inner][\/vc_row_inner][\/vc_column][\/vc_row]<\/p>\n","protected":false},"author":1,"featured_media":0,"parent":0,"menu_order":0,"comment_status":"closed","ping_status":"closed","template":"","meta":{"footnotes":""},"class_list":["post-12087","page","type-page","status-publish","hentry"],"yoast_head":"<!-- This site is optimized with the Yoast SEO plugin v20.7 - https:\/\/yoast.com\/wordpress\/plugins\/seo\/ -->\n<title>Weddings | Chios Chadris Hotel<\/title>\n<meta name=\"description\" content=\"The CHIOS CHANDRIS has a long and distinguished experience in organizing and hosting unforgettable wedding receptions and other glamorous gala events.\" \/>\n<meta name=\"robots\" content=\"index, follow, max-snippet:-1, max-image-preview:large, max-video-preview:-1\" \/>\n<link rel=\"canonical\" href=\"https:\/\/www.chioschandrishotel.gr\/tr\/weddings\/\" \/>\n<meta property=\"og:locale\" content=\"tr_TR\" \/>\n<meta property=\"og:type\" content=\"article\" \/>\n<meta property=\"og:title\" content=\"Weddings | Chios Chadris Hotel\" \/>\n<meta property=\"og:description\" content=\"The CHIOS CHANDRIS has a long and distinguished experience in organizing and hosting unforgettable wedding receptions and other glamorous gala events.\" \/>\n<meta property=\"og:url\" content=\"https:\/\/www.chioschandrishotel.gr\/tr\/weddings\/\" \/>\n<meta property=\"og:site_name\" content=\"Chios Chandris Hotel\" \/>\n<meta property=\"article:modified_time\" content=\"2023-05-15T14:05:01+00:00\" \/>\n<meta name=\"twitter:card\" content=\"summary_large_image\" \/>\n<meta name=\"twitter:label1\" content=\"Est. reading time\" \/>\n\t<meta name=\"twitter:data1\" content=\"2 dakika\" \/>\n<script type=\"application\/ld+json\" class=\"yoast-schema-graph\">{\"@context\":\"https:\/\/schema.org\",\"@graph\":[{\"@type\":\"WebPage\",\"@id\":\"https:\/\/www.chioschandrishotel.gr\/tr\/weddings\/\",\"url\":\"https:\/\/www.chioschandrishotel.gr\/tr\/weddings\/\",\"name\":\"Weddings | Chios Chadris Hotel\",\"isPartOf\":{\"@id\":\"https:\/\/www.chioschandrishotel.gr\/#website\"},\"datePublished\":\"2017-10-18T08:48:24+00:00\",\"dateModified\":\"2023-05-15T14:05:01+00:00\",\"description\":\"The CHIOS CHANDRIS has a long and distinguished experience in organizing and hosting unforgettable wedding receptions and other glamorous gala events.\",\"breadcrumb\":{\"@id\":\"https:\/\/www.chioschandrishotel.gr\/tr\/weddings\/#breadcrumb\"},\"inLanguage\":\"tr\",\"potentialAction\":[{\"@type\":\"ReadAction\",\"target\":[\"https:\/\/www.chioschandrishotel.gr\/tr\/weddings\/\"]}]},{\"@type\":\"BreadcrumbList\",\"@id\":\"https:\/\/www.chioschandrishotel.gr\/tr\/weddings\/#breadcrumb\",\"itemListElement\":[{\"@type\":\"ListItem\",\"position\":1,\"name\":\"Home\",\"item\":\"https:\/\/www.chioschandrishotel.gr\/tr\/\"},{\"@type\":\"ListItem\",\"position\":2,\"name\":\"D\u00fc\u011f\u00fcnler\"}]},{\"@type\":\"WebSite\",\"@id\":\"https:\/\/www.chioschandrishotel.gr\/#website\",\"url\":\"https:\/\/www.chioschandrishotel.gr\/\",\"name\":\"Chios Chandris Hotel\",\"description\":\"City and Vacation Hotel in Chios\",\"potentialAction\":[{\"@type\":\"SearchAction\",\"target\":{\"@type\":\"EntryPoint\",\"urlTemplate\":\"https:\/\/www.chioschandrishotel.gr\/?s={search_term_string}\"},\"query-input\":\"required name=search_term_string\"}],\"inLanguage\":\"tr\"}]}<\/script>\n<!-- \/ Yoast SEO plugin. -->","yoast_head_json":{"title":"Weddings | Chios Chadris Hotel","description":"The CHIOS CHANDRIS has a long and distinguished experience in organizing and hosting unforgettable wedding receptions and other glamorous gala events.","robots":{"index":"index","follow":"follow","max-snippet":"max-snippet:-1","max-image-preview":"max-image-preview:large","max-video-preview":"max-video-preview:-1"},"canonical":"https:\/\/www.chioschandrishotel.gr\/tr\/weddings\/","og_locale":"tr_TR","og_type":"article","og_title":"Weddings | Chios Chadris Hotel","og_description":"The CHIOS CHANDRIS has a long and distinguished experience in organizing and hosting unforgettable wedding receptions and other glamorous gala events.","og_url":"https:\/\/www.chioschandrishotel.gr\/tr\/weddings\/","og_site_name":"Chios Chandris Hotel","article_modified_time":"2023-05-15T14:05:01+00:00","twitter_card":"summary_large_image","twitter_misc":{"Est. reading time":"2 dakika"},"schema":{"@context":"https:\/\/schema.org","@graph":[{"@type":"WebPage","@id":"https:\/\/www.chioschandrishotel.gr\/tr\/weddings\/","url":"https:\/\/www.chioschandrishotel.gr\/tr\/weddings\/","name":"Weddings | Chios Chadris Hotel","isPartOf":{"@id":"https:\/\/www.chioschandrishotel.gr\/#website"},"datePublished":"2017-10-18T08:48:24+00:00","dateModified":"2023-05-15T14:05:01+00:00","description":"The CHIOS CHANDRIS has a long and distinguished experience in organizing and hosting unforgettable wedding receptions and other glamorous gala events.","breadcrumb":{"@id":"https:\/\/www.chioschandrishotel.gr\/tr\/weddings\/#breadcrumb"},"inLanguage":"tr","potentialAction":[{"@type":"ReadAction","target":["https:\/\/www.chioschandrishotel.gr\/tr\/weddings\/"]}]},{"@type":"BreadcrumbList","@id":"https:\/\/www.chioschandrishotel.gr\/tr\/weddings\/#breadcrumb","itemListElement":[{"@type":"ListItem","position":1,"name":"Home","item":"https:\/\/www.chioschandrishotel.gr\/tr\/"},{"@type":"ListItem","position":2,"name":"D\u00fc\u011f\u00fcnler"}]},{"@type":"WebSite","@id":"https:\/\/www.chioschandrishotel.gr\/#website","url":"https:\/\/www.chioschandrishotel.gr\/","name":"Chios Chandris Hotel","description":"City and Vacation Hotel in Chios","potentialAction":[{"@type":"SearchAction","target":{"@type":"EntryPoint","urlTemplate":"https:\/\/www.chioschandrishotel.gr\/?s={search_term_string}"},"query-input":"required name=search_term_string"}],"inLanguage":"tr"}]}},"_links":{"self":[{"href":"https:\/\/www.chioschandrishotel.gr\/tr\/wp-json\/wp\/v2\/pages\/12087","targetHints":{"allow":["GET"]}}],"collection":[{"href":"https:\/\/www.chioschandrishotel.gr\/tr\/wp-json\/wp\/v2\/pages"}],"about":[{"href":"https:\/\/www.chioschandrishotel.gr\/tr\/wp-json\/wp\/v2\/types\/page"}],"author":[{"embeddable":true,"href":"https:\/\/www.chioschandrishotel.gr\/tr\/wp-json\/wp\/v2\/users\/1"}],"replies":[{"embeddable":true,"href":"https:\/\/www.chioschandrishotel.gr\/tr\/wp-json\/wp\/v2\/comments?post=12087"}],"version-history":[{"count":4,"href":"https:\/\/www.chioschandrishotel.gr\/tr\/wp-json\/wp\/v2\/pages\/12087\/revisions"}],"predecessor-version":[{"id":12204,"href":"https:\/\/www.chioschandrishotel.gr\/tr\/wp-json\/wp\/v2\/pages\/12087\/revisions\/12204"}],"wp:attachment":[{"href":"https:\/\/www.chioschandrishotel.gr\/tr\/wp-json\/wp\/v2\/media?parent=12087"}],"curies":[{"name":"wp","href":"https:\/\/api.w.org\/{rel}","templated":true}]}}